{"id":419,"date":"2014-01-09T15:50:30","date_gmt":"2014-01-09T14:50:30","guid":{"rendered":"http:\/\/www.visionapart.com\/studio\/?page_id=419"},"modified":"2026-03-03T13:54:21","modified_gmt":"2026-03-03T12:54:21","slug":"contact","status":"publish","type":"page","link":"https:\/\/www.visionapart.com\/studio\/fr\/contact\/","title":{"rendered":"CONTACT"},"content":{"rendered":"\n<style type=\"text\/css\" data-created_by=\"avia_inline_auto\" id=\"style-css-av-2qwa2r-aefa3ad64a0d706bd1243c6020091525\">\n#top .hr.hr-invisible.av-2qwa2r-aefa3ad64a0d706bd1243c6020091525{\nheight:50px;\n}\n<\/style>\n<div  class='hr av-2qwa2r-aefa3ad64a0d706bd1243c6020091525 hr-invisible  avia-builder-el-0  el_before_av_textblock  avia-builder-el-first '><span class='hr-inner '><span class=\"hr-inner-style\"><\/span><\/span><\/div>\n<section  class='av_textblock_section av-2n6bjn-190249ef02603980a23483b8598affef '   itemscope=\"itemscope\" itemtype=\"https:\/\/schema.org\/CreativeWork\" ><div class='avia_textblock'  itemprop=\"text\" ><h1><span style=\"color: #888888;\">Vous avez un<\/span>\u00a0<span style=\"color: #ffbb00;\">projet ? <span style=\"color: #888888;\">Parlons-en<\/span><\/span><span style=\"color: #888888;\"><br \/>\n<\/span><\/h1>\n<\/div><\/section>\n\n<style type=\"text\/css\" data-created_by=\"avia_inline_auto\" id=\"style-css-av-2gn9cr-c82527a588d6924f4c937868b9bcad60\">\n#top .hr.hr-invisible.av-2gn9cr-c82527a588d6924f4c937868b9bcad60{\nheight:70px;\n}\n<\/style>\n<div  class='hr av-2gn9cr-c82527a588d6924f4c937868b9bcad60 hr-invisible  avia-builder-el-2  el_after_av_textblock  el_before_av_one_third '><span class='hr-inner '><span class=\"hr-inner-style\"><\/span><\/span><\/div>\n<div  class='flex_column av-261ogz-050039871a3088a8561bd5269b89d3b1 av_one_third  avia-builder-el-3  el_after_av_hr  el_before_av_two_third  first flex_column_div  '     ><section  class='av_textblock_section av-20nqzn-4ffa9c444c900227e6fba0e87bf270e9 '   itemscope=\"itemscope\" itemtype=\"https:\/\/schema.org\/CreativeWork\" ><div class='avia_textblock'  itemprop=\"text\" ><h3><span style=\"color: #888888;\">Adresse<\/span><br \/>\n_<\/h3>\n<p><span style=\"color: #ffbb00;\">VISION APART<\/span> <span style=\"color: #888888;\">CREATIVE STUDIO<\/span><br \/>\nRue du Pont 8<br \/>\nCH-1820 Montreux<br \/>\nSwitzerland<\/p>\n<\/div><\/section><br \/>\n\n<style type=\"text\/css\" data-created_by=\"avia_inline_auto\" id=\"style-css-av-701mj-7cc785fa21754fee8248c883909174ab\">\n#top .hr.hr-invisible.av-701mj-7cc785fa21754fee8248c883909174ab{\nheight:50px;\n}\n<\/style>\n<div  class='hr av-701mj-7cc785fa21754fee8248c883909174ab hr-invisible  avia-builder-el-5  el_after_av_textblock  el_before_av_textblock '><span class='hr-inner '><span class=\"hr-inner-style\"><\/span><\/span><\/div><br \/>\n<section  class='av_textblock_section av-1fkd0z-91b1508124c0136d9176a02335603cdf '   itemscope=\"itemscope\" itemtype=\"https:\/\/schema.org\/CreativeWork\" ><div class='avia_textblock'  itemprop=\"text\" ><h3><span style=\"color: #888888;\">Horaires<\/span><br \/>\n_<\/h3>\n<p>Lundi &#8211; Vendredi :\u00a0<span style=\"color: #888888;\">08h00 &#8211; 19h00<\/span><br \/>\nSamedi :\u00a0<span style=\"color: #888888;\">09h00 &#8211; 17h00<\/span><br \/>\n<span style=\"color: #888888;\"><br \/>\n<\/span><\/p>\n<\/div><\/section><\/p><\/div>\n<style type=\"text\/css\" data-created_by=\"avia_inline_auto\" id=\"style-css-av-17awoz-8b8c628c4d67596d5d3df4f0873f6f75\">\n.flex_column.av-17awoz-8b8c628c4d67596d5d3df4f0873f6f75{\nborder-radius:0px 0px 0px 0px;\npadding:0px 0px 0px 0px;\n}\n<\/style>\n<div  class='flex_column av-17awoz-8b8c628c4d67596d5d3df4f0873f6f75 av_two_third  avia-builder-el-7  el_after_av_one_third  el_before_av_slideshow_full  avia-builder-el-last  flex_column_div av-zero-column-padding  '     ><section  class='av_textblock_section av-1224eb-315384b4ef8789e68df014a8b4a9458d '   itemscope=\"itemscope\" itemtype=\"https:\/\/schema.org\/CreativeWork\" ><div class='avia_textblock'  itemprop=\"text\" ><h3><span style=\"color: #888888;\">Ecrivez-nous<br \/>\n<span style=\"color: #000000;\">_<\/span><\/span><\/h3>\n<\/div><\/section><br \/>\n<form action=\"https:\/\/www.visionapart.com\/studio\/fr\/contact\/\" method=\"post\" data-fields-with-error=\"Erreurs trouv\u00e9es dans les champs suivants :\" class=\"avia_ajax_form av-form-labels-visible   avia-builder-el-9  el_after_av_textblock  avia-builder-el-last   \" data-avia-form-id=\"1\" data-avia-redirect='' ><fieldset><p class='  first_form  form_element form_fullwidth' id='element_avia_1_1'><label for=\"avia_1_1\">Nom <abbr class=\"required\" title=\"requis(e)\">*<\/abbr><\/label> <input name=\"avia_1_1\" class=\"text_input is_empty\" type=\"text\" id=\"avia_1_1\" value=\"\" \/><\/p><p class='  first_form  form_element form_fullwidth' id='element_avia_2_1'><label for=\"avia_2_1\">E-Mail <abbr class=\"required\" title=\"requis(e)\">*<\/abbr><\/label> <input name=\"avia_2_1\" class=\"text_input is_email\" type=\"text\" id=\"avia_2_1\" value=\"\" \/><\/p><p class='  first_form  form_element form_fullwidth' id='element_avia_3_1'><label for=\"avia_3_1\" class=\"textare_label hidden textare_label_avia_3_1\">Message <abbr class=\"required\" title=\"requis(e)\">*<\/abbr><\/label><textarea  name=\"avia_3_1\" class=\"text_area is_empty\" cols=\"40\" rows=\"7\" id=\"avia_3_1\" ><\/textarea><\/p><p class=\"hidden\"><input type=\"text\" name=\"avia_4_1\" class=\"hidden \" id=\"avia_4_1\" value=\"\" \/><\/p><p class='   form_element form_fullwidth' id='element_avia_5_1'><span class='value_verifier_label'>1 + 7 = ?<\/span><input name=\"avia_5_1_verifier\" type=\"hidden\" id=\"avia_5_1_verifier\" value=\"517427458\"\/><label for=\"avia_5_1\">Merci de prouver que vous \u00eates un humain en donnant le r\u00e9sultat de cette op\u00e9ration <abbr class=\"required\" title=\"requis(e)\">*<\/abbr><\/label><input name=\"avia_5_1\" class=\"text_input captcha\" type=\"text\" id=\"avia_5_1\" value=\"\"\/><\/p><p class=\"form_element \"><input type=\"hidden\" value=\"1\" name=\"avia_generated_form1\" \/><input type=\"submit\" value=\"Envoyer\" class=\"button\"  data-sending-label=\"Envoi\"\/><\/p><\/fieldset><\/form><div id=\"ajaxresponse_1\" class=\"ajaxresponse ajaxresponse_1 hidden\"><\/div><\/p><\/div><\/p>\n<\/div><\/div><\/div><!-- close content main div --><\/div><\/div><div id='full_slider_1'  class='avia-fullwidth-slider main_color avia-shadow   avia-builder-el-10  el_after_av_two_third  avia-builder-el-last   slider-not-first container_wrap sidebar_right'  ><div  class='avia-slideshow av-dxtwr-1f9ae985e9d9d9b7b2cfac7950dbb775 avia-slideshow-no scaling av_slideshow_full avia-slide-slider av-slideshow-ui av-control-default av-slideshow-manual av-loop-once av-loop-manual-endless av-default-height-applied   avia-slideshow-1' data-slideshow-options=\"{&quot;animation&quot;:&quot;slide&quot;,&quot;autoplay&quot;:false,&quot;loop_autoplay&quot;:&quot;once&quot;,&quot;interval&quot;:5,&quot;loop_manual&quot;:&quot;manual-endless&quot;,&quot;autoplay_stopper&quot;:false,&quot;noNavigation&quot;:false,&quot;bg_slider&quot;:false,&quot;keep_padding&quot;:false,&quot;hoverpause&quot;:false,&quot;show_slide_delay&quot;:0}\"  itemprop=\"image\" itemscope=\"itemscope\" itemtype=\"https:\/\/schema.org\/ImageObject\" ><ul class='avia-slideshow-inner ' style='padding-bottom: 36.351791530945%;'><li  class='avia-slideshow-slide av-dxtwr-1f9ae985e9d9d9b7b2cfac7950dbb775__0  av-single-slide slide-1 slide-odd'><div data-rel='slideshow-1' class='avia-slide-wrap '   ><img fetchpriority=\"high\" class=\"wp-image-281 avia-img-lazy-loading-not-281\"  src='https:\/\/www.visionapart.com\/studio\/wp-content\/uploads\/2013\/10\/fondcv2.jpg' width='1535' height='558' title='fondcv2' alt=''  itemprop=\"thumbnailUrl\"   \/><\/div><\/li><\/ul><\/div><\/div>\n","protected":false},"excerpt":{"rendered":"","protected":false},"author":2,"featured_media":0,"parent":0,"menu_order":0,"comment_status":"open","ping_status":"open","template":"","meta":{"footnotes":""},"class_list":["post-419","page","type-page","status-publish","hentry"],"yoast_head":"<!-- This site is optimized with the Yoast SEO plugin v27.1 - https:\/\/yoast.com\/product\/yoast-seo-wordpress\/ -->\n<title>Production de videos et photographies - Montreux<\/title>\n<meta name=\"description\" content=\"Nous produisons des videos et photographies pour votre communication. Contactez-nous.\" \/>\n<meta name=\"robots\" content=\"index, follow, max-snippet:-1, max-image-preview:large, max-video-preview:-1\" \/>\n<link rel=\"canonical\" href=\"https:\/\/www.visionapart.com\/studio\/fr\/contact\/\" \/>\n<meta property=\"og:locale\" content=\"fr_FR\" \/>\n<meta property=\"og:type\" content=\"article\" \/>\n<meta property=\"og:title\" content=\"Production de videos et photographies - Montreux\" \/>\n<meta property=\"og:description\" content=\"Nous produisons des videos et photographies pour votre communication. Contactez-nous.\" \/>\n<meta property=\"og:url\" content=\"https:\/\/www.visionapart.com\/studio\/fr\/contact\/\" \/>\n<meta property=\"og:site_name\" content=\"Vision Apart Creative Studio\" \/>\n<meta property=\"article:modified_time\" content=\"2026-03-03T12:54:21+00:00\" \/>\n<meta name=\"twitter:card\" content=\"summary_large_image\" \/>\n<meta name=\"twitter:label1\" content=\"Dur\u00e9e de lecture estim\u00e9e\" \/>\n\t<meta name=\"twitter:data1\" content=\"1 minute\" \/>\n<script type=\"application\/ld+json\" class=\"yoast-schema-graph\">{\"@context\":\"https:\/\/schema.org\",\"@graph\":[{\"@type\":\"WebPage\",\"@id\":\"https:\/\/www.visionapart.com\/studio\/fr\/contact\/\",\"url\":\"https:\/\/www.visionapart.com\/studio\/fr\/contact\/\",\"name\":\"Production de videos et photographies - Montreux\",\"isPartOf\":{\"@id\":\"https:\/\/www.visionapart.com\/studio\/en\/#website\"},\"datePublished\":\"2014-01-09T14:50:30+00:00\",\"dateModified\":\"2026-03-03T12:54:21+00:00\",\"description\":\"Nous produisons des videos et photographies pour votre communication. Contactez-nous.\",\"breadcrumb\":{\"@id\":\"https:\/\/www.visionapart.com\/studio\/fr\/contact\/#breadcrumb\"},\"inLanguage\":\"fr-FR\",\"potentialAction\":[{\"@type\":\"ReadAction\",\"target\":[\"https:\/\/www.visionapart.com\/studio\/fr\/contact\/\"]}]},{\"@type\":\"BreadcrumbList\",\"@id\":\"https:\/\/www.visionapart.com\/studio\/fr\/contact\/#breadcrumb\",\"itemListElement\":[{\"@type\":\"ListItem\",\"position\":1,\"name\":\"Home\",\"item\":\"https:\/\/www.visionapart.com\/studio\/fr\/\"},{\"@type\":\"ListItem\",\"position\":2,\"name\":\"CONTACT\"}]},{\"@type\":\"WebSite\",\"@id\":\"https:\/\/www.visionapart.com\/studio\/en\/#website\",\"url\":\"https:\/\/www.visionapart.com\/studio\/en\/\",\"name\":\"Vision Apart Creative Studio\",\"description\":\"\",\"potentialAction\":[{\"@type\":\"SearchAction\",\"target\":{\"@type\":\"EntryPoint\",\"urlTemplate\":\"https:\/\/www.visionapart.com\/studio\/en\/?s={search_term_string}\"},\"query-input\":{\"@type\":\"PropertyValueSpecification\",\"valueRequired\":true,\"valueName\":\"search_term_string\"}}],\"inLanguage\":\"fr-FR\"}]}<\/script>\n<!-- \/ Yoast SEO plugin. -->","yoast_head_json":{"title":"Production de videos et photographies - Montreux","description":"Nous produisons des videos et photographies pour votre communication. Contactez-nous.","robots":{"index":"index","follow":"follow","max-snippet":"max-snippet:-1","max-image-preview":"max-image-preview:large","max-video-preview":"max-video-preview:-1"},"canonical":"https:\/\/www.visionapart.com\/studio\/fr\/contact\/","og_locale":"fr_FR","og_type":"article","og_title":"Production de videos et photographies - Montreux","og_description":"Nous produisons des videos et photographies pour votre communication. Contactez-nous.","og_url":"https:\/\/www.visionapart.com\/studio\/fr\/contact\/","og_site_name":"Vision Apart Creative Studio","article_modified_time":"2026-03-03T12:54:21+00:00","twitter_card":"summary_large_image","twitter_misc":{"Dur\u00e9e de lecture estim\u00e9e":"1 minute"},"schema":{"@context":"https:\/\/schema.org","@graph":[{"@type":"WebPage","@id":"https:\/\/www.visionapart.com\/studio\/fr\/contact\/","url":"https:\/\/www.visionapart.com\/studio\/fr\/contact\/","name":"Production de videos et photographies - Montreux","isPartOf":{"@id":"https:\/\/www.visionapart.com\/studio\/en\/#website"},"datePublished":"2014-01-09T14:50:30+00:00","dateModified":"2026-03-03T12:54:21+00:00","description":"Nous produisons des videos et photographies pour votre communication. Contactez-nous.","breadcrumb":{"@id":"https:\/\/www.visionapart.com\/studio\/fr\/contact\/#breadcrumb"},"inLanguage":"fr-FR","potentialAction":[{"@type":"ReadAction","target":["https:\/\/www.visionapart.com\/studio\/fr\/contact\/"]}]},{"@type":"BreadcrumbList","@id":"https:\/\/www.visionapart.com\/studio\/fr\/contact\/#breadcrumb","itemListElement":[{"@type":"ListItem","position":1,"name":"Home","item":"https:\/\/www.visionapart.com\/studio\/fr\/"},{"@type":"ListItem","position":2,"name":"CONTACT"}]},{"@type":"WebSite","@id":"https:\/\/www.visionapart.com\/studio\/en\/#website","url":"https:\/\/www.visionapart.com\/studio\/en\/","name":"Vision Apart Creative Studio","description":"","potentialAction":[{"@type":"SearchAction","target":{"@type":"EntryPoint","urlTemplate":"https:\/\/www.visionapart.com\/studio\/en\/?s={search_term_string}"},"query-input":{"@type":"PropertyValueSpecification","valueRequired":true,"valueName":"search_term_string"}}],"inLanguage":"fr-FR"}]}},"_links":{"self":[{"href":"https:\/\/www.visionapart.com\/studio\/fr\/wp-json\/wp\/v2\/pages\/419","targetHints":{"allow":["GET"]}}],"collection":[{"href":"https:\/\/www.visionapart.com\/studio\/fr\/wp-json\/wp\/v2\/pages"}],"about":[{"href":"https:\/\/www.visionapart.com\/studio\/fr\/wp-json\/wp\/v2\/types\/page"}],"author":[{"embeddable":true,"href":"https:\/\/www.visionapart.com\/studio\/fr\/wp-json\/wp\/v2\/users\/2"}],"replies":[{"embeddable":true,"href":"https:\/\/www.visionapart.com\/studio\/fr\/wp-json\/wp\/v2\/comments?post=419"}],"version-history":[{"count":17,"href":"https:\/\/www.visionapart.com\/studio\/fr\/wp-json\/wp\/v2\/pages\/419\/revisions"}],"predecessor-version":[{"id":1398,"href":"https:\/\/www.visionapart.com\/studio\/fr\/wp-json\/wp\/v2\/pages\/419\/revisions\/1398"}],"wp:attachment":[{"href":"https:\/\/www.visionapart.com\/studio\/fr\/wp-json\/wp\/v2\/media?parent=419"}],"curies":[{"name":"wp","href":"https:\/\/api.w.org\/{rel}","templated":true}]}}