{"id":372,"date":"2014-04-13T01:05:50","date_gmt":"2014-04-12T23:05:50","guid":{"rendered":"http:\/\/www.visionapart.com\/tech\/?page_id=372"},"modified":"2019-03-11T18:00:38","modified_gmt":"2019-03-11T17:00:38","slug":"accueil","status":"publish","type":"page","link":"https:\/\/www.visionapart.com\/tech\/fr\/","title":{"rendered":"Accueil"},"content":{"rendered":"<div class=\"wpb-content-wrapper\">[mk_page_section bg_image=\u00a0\u00bbhttps:\/\/www.visionapart.com\/tech\/wp-content\/uploads\/earth.jpg\u00a0\u00bb bg_color=\u00a0\u00bb#66bbd1&Prime; bg_position=\u00a0\u00bbcenter top\u00a0\u00bb bg_repeat=\u00a0\u00bbno-repeat\u00a0\u00bb speed_factor=\u00a0\u00bb4&Prime; video_loop=\u00a0\u00bbfalse\u00a0\u00bb min_height=\u00a0\u00bb600&Prime; full_height=\u00a0\u00bbtrue\u00a0\u00bb padding_top=\u00a0\u00bb0&Prime; padding_bottom=\u00a0\u00bb0&Prime; skip_arrow=\u00a0\u00bbtrue\u00a0\u00bb first_page=\u00a0\u00bbtrue\u00a0\u00bb last_page=\u00a0\u00bbfalse\u00a0\u00bb sidebar=\u00a0\u00bbsidebar-1&Prime;][vc_column][mk_padding_divider][mk_fancy_title tag_name=\u00a0\u00bbh1&Prime; color=\u00a0\u00bb#ffffff\u00a0\u00bb size=\u00a0\u00bb36&Prime; txt_transform=\u00a0\u00bbuppercase\u00a0\u00bb margin_bottom=\u00a0\u00bb10&Prime; font_family=\u00a0\u00bbnone\u00a0\u00bb align=\u00a0\u00bbcenter\u00a0\u00bb]\n<p style=\"text-align: center;\">Vision apart<br \/>\n<span style=\"color: #6cbdd1;\">l&rsquo;informatique<\/span> pour aller plus loin<\/p>\n[\/mk_fancy_title][\/vc_column][\/mk_page_section][vc_row][vc_column][mk_divider style=\u00a0\u00bbpadding_space\u00a0\u00bb margin_top=\u00a0\u00bb30&Prime; margin_bottom=\u00a0\u00bb30&Prime; width=\u00a0\u00bb1\/1&Prime; el_position=\u00a0\u00bbfirst last\u00a0\u00bb][mk_fancy_title tag_name=\u00a0\u00bbh1&Prime; color=\u00a0\u00bb#222222&Prime; size=\u00a0\u00bb32&Prime; margin_top=\u00a0\u00bb30&Prime; margin_bottom=\u00a0\u00bb0&Prime; font_family=\u00a0\u00bbnone\u00a0\u00bb align=\u00a0\u00bbcenter\u00a0\u00bb el_class=\u00a0\u00bbuppercase\u00a0\u00bb width=\u00a0\u00bb1\/1&Prime; el_position=\u00a0\u00bbfirst last\u00a0\u00bb]Travaillez en toute s\u00e9r\u00e9nit\u00e9[\/mk_fancy_title][mk_fancy_title tag_name=\u00a0\u00bbh3&Prime; color=\u00a0\u00bb#808080&Prime; size=\u00a0\u00bb16&Prime; margin_bottom=\u00a0\u00bb18&Prime; font_family=\u00a0\u00bbnone\u00a0\u00bb align=\u00a0\u00bbcenter\u00a0\u00bb width=\u00a0\u00bb1\/1&Prime; el_position=\u00a0\u00bbfirst last\u00a0\u00bb]Chez Vision Apart, votre environnement informatique et digital est r\u00e9element au service de votre entreprise, chaque jour et simplement.[\/mk_fancy_title][mk_divider style=\u00a0\u00bbpadding_space\u00a0\u00bb margin_top=\u00a0\u00bb30&Prime; margin_bottom=\u00a0\u00bb30&Prime; width=\u00a0\u00bb1\/1&Prime; el_position=\u00a0\u00bbfirst last\u00a0\u00bb][\/vc_column][\/vc_row][vc_row][vc_column width=\u00a0\u00bb1\/3&Prime;][mk_fancy_title tag_name=\u00a0\u00bbh3&Prime; color=\u00a0\u00bb#222222&Prime; size=\u00a0\u00bb20&Prime; font_family=\u00a0\u00bbnone\u00a0\u00bb width=\u00a0\u00bb1\/1&Prime; el_position=\u00a0\u00bbfirst last\u00a0\u00bb]<strong>Plus de performance<\/strong>[\/mk_fancy_title][vc_column_text]Nous optimisons continuellement votre \u00e9cosyst\u00e8me afin qu&rsquo;il r\u00e9ponde efficacement \u00e0 toutes les situations, avec solidit\u00e9, fiabilit\u00e9 et flexibilit\u00e9.\u00a0 En tant qu&rsquo;experts en s\u00e9curit\u00e9, nous d\u00e9livrons les plus hauts standards de d\u00e9fense contre les attaques, de pr\u00e9vention contre les failles de s\u00e9curit\u00e9 et de protection de la\u00a0 confidentialit\u00e9 de vos donn\u00e9es.[\/vc_column_text][\/vc_column][vc_column width=\u00a0\u00bb1\/3&Prime;][mk_fancy_title tag_name=\u00a0\u00bbh3&Prime; color=\u00a0\u00bb#222222&Prime; size=\u00a0\u00bb20&Prime; font_family=\u00a0\u00bbnone\u00a0\u00bb width=\u00a0\u00bb1\/1&Prime; el_position=\u00a0\u00bbfirst last\u00a0\u00bb]<strong>Plus d&rsquo;humain<\/strong>[\/mk_fancy_title][vc_column_text]Afin que vos employ\u00e9s puissent profiter des meilleures conditions de travail possibles et appr\u00e9cient leur emploi au quotidien, nous impl\u00e9mentons des outils , syst\u00e8mes et infrastructures pens\u00e9s pour eux. Moins de stress, productivit\u00e9 am\u00e9lior\u00e9e, communications simplifi\u00e9es et\u00a0 empreinte \u00e9cologique r\u00e9duite pour une informatique vraiment humaine.[\/vc_column_text][\/vc_column][vc_column width=\u00a0\u00bb1\/3&Prime;][mk_fancy_title tag_name=\u00a0\u00bbh3&Prime; color=\u00a0\u00bb#222222&Prime; size=\u00a0\u00bb20&Prime; font_family=\u00a0\u00bbnone\u00a0\u00bb width=\u00a0\u00bb1\/1&Prime; el_position=\u00a0\u00bbfirst last\u00a0\u00bb]<strong>Plus d&rsquo;avenir<\/strong>[\/mk_fancy_title][vc_column_text]Digitalisation, innovation constante, nouvelles normes, le monde \u00e9volue et nous vous aidons \u00e0 garder une longueur technologique d&rsquo;avance. En apprenant \u00e0 mieux maitriser vos outils d&rsquo;aujourd&rsquo;hui et \u00e0 faire les choix strat\u00e9qigues pour demain, c&rsquo;est votre avenir que vous construirez avec nous.[\/vc_column_text][\/vc_column][\/vc_row][vc_row][vc_column][mk_divider style=\u00a0\u00bbpadding_space\u00a0\u00bb margin_top=\u00a0\u00bb30&Prime; margin_bottom=\u00a0\u00bb30&Prime; width=\u00a0\u00bb1\/1&Prime; el_position=\u00a0\u00bbfirst last\u00a0\u00bb][\/vc_column][\/vc_row][mk_page_section bg_color=\u00a0\u00bb#004f77&Prime; speed_factor=\u00a0\u00bb4&Prime; first_page=\u00a0\u00bbfalse\u00a0\u00bb last_page=\u00a0\u00bbfalse\u00a0\u00bb sidebar=\u00a0\u00bbsidebar-1&Prime;][vc_column width=\u00a0\u00bb1\/2&Prime;][mk_divider style=\u00a0\u00bbpadding_space\u00a0\u00bb margin_top=\u00a0\u00bb50&Prime; margin_bottom=\u00a0\u00bb0&Prime;][mk_fancy_title tag_name=\u00a0\u00bbh3&Prime; color=\u00a0\u00bb#ffffff\u00a0\u00bb size=\u00a0\u00bb26&Prime; margin_top=\u00a0\u00bb10&Prime; margin_bottom=\u00a0\u00bb60&Prime; font_family=\u00a0\u00bbnone\u00a0\u00bb]Chez Vision Apart nous travaillons sur toutes les plateformes[\/mk_fancy_title][\/vc_column][vc_column width=\u00a0\u00bb1\/2&Prime;][mk_image src=\u00a0\u00bbhttp:\/\/www.visionapart.com\/tech\/wp-content\/uploads\/logosplatforms1.png\u00a0\u00bb image_size=\u00a0\u00bbfull\u00a0\u00bb align=\u00a0\u00bbcenter\u00a0\u00bb margin_bottom=\u00a0\u00bb0&Prime; crop=\u00a0\u00bbfalse\u00a0\u00bb][\/vc_column][\/mk_page_section][vc_row][vc_column][mk_divider style=\u00a0\u00bbpadding_space\u00a0\u00bb margin_top=\u00a0\u00bb30&Prime; margin_bottom=\u00a0\u00bb30&Prime; width=\u00a0\u00bb1\/1&Prime; el_position=\u00a0\u00bbfirst last\u00a0\u00bb][mk_fancy_title tag_name=\u00a0\u00bbh1&Prime; color=\u00a0\u00bb#222222&Prime; size=\u00a0\u00bb32&Prime; margin_top=\u00a0\u00bb30&Prime; font_family=\u00a0\u00bbnone\u00a0\u00bb align=\u00a0\u00bbcenter\u00a0\u00bb el_class=\u00a0\u00bbuppercase\u00a0\u00bb width=\u00a0\u00bb1\/1&Prime; el_position=\u00a0\u00bbfirst last\u00a0\u00bb]Des solutions &amp; services informatiques pour chaque besoin[\/mk_fancy_title][mk_fancy_title tag_name=\u00a0\u00bbh3&Prime; color=\u00a0\u00bb#808080&Prime; size=\u00a0\u00bb16&Prime; font_weight=\u00a0\u00bbnormal\u00a0\u00bb margin_bottom=\u00a0\u00bb18&Prime; font_family=\u00a0\u00bbnone\u00a0\u00bb align=\u00a0\u00bbcenter\u00a0\u00bb width=\u00a0\u00bb1\/1&Prime; el_position=\u00a0\u00bbfirst last\u00a0\u00bb]\n<p><span style=\"line-height: 1.5em;\">Tous les services dont vous avez besoin et une nouvelle exp\u00e9rience du partenariat informatique<\/span><\/p>\n[\/mk_fancy_title][mk_divider style=\u00a0\u00bbpadding_space\u00a0\u00bb margin_top=\u00a0\u00bb30&Prime; margin_bottom=\u00a0\u00bb30&Prime; width=\u00a0\u00bb1\/1&Prime; el_position=\u00a0\u00bbfirst last\u00a0\u00bb][\/vc_column][\/vc_row][vc_row][vc_column width=\u00a0\u00bb1\/4&Prime;][mk_icon_box icon=\u00a0\u00bbmoon-pen-5&Prime; title=\u00a0\u00bbConseil\u00a0\u00bb font_weight=\u00a0\u00bbbold\u00a0\u00bb read_more_txt=\u00a0\u00bbEn savoir plus\u00a0\u00bb read_more_url=\u00a0\u00bb\/tech\/fr\/solutions\/#services\u00a0\u00bb style=\u00a0\u00bbsimple_ultimate\u00a0\u00bb icon_size=\u00a0\u00bblarge\u00a0\u00bb icon_location=\u00a0\u00bbtop\u00a0\u00bb icon_color=\u00a0\u00bb#e21a2a\u00a0\u00bb title_color=\u00a0\u00bb#222222&Prime; txt_color=\u00a0\u00bb#595959&Prime; margin=\u00a0\u00bb0&Prime; box_blur=\u00a0\u00bbfalse\u00a0\u00bb width=\u00a0\u00bb1\/1&Prime; el_position=\u00a0\u00bbfirst\u00a0\u00bb]\n<p>Nous apportons une analyse objective et des solutions personnalis\u00e9es pour une efficacit\u00e9 maximale<\/p>\n[\/mk_icon_box][\/vc_column][vc_column width=\u00a0\u00bb1\/4&Prime;][mk_icon_box icon=\u00a0\u00bbmoon-spinner-11&Prime; title=\u00a0\u00bbServices D\u00e9di\u00e9s\u00a0\u00bb font_weight=\u00a0\u00bbbold\u00a0\u00bb read_more_txt=\u00a0\u00bbEn savoir plus\u00a0\u00bb read_more_url=\u00a0\u00bb\/tech\/fr\/solutions\/\u00a0\u00bb style=\u00a0\u00bbsimple_ultimate\u00a0\u00bb icon_size=\u00a0\u00bblarge\u00a0\u00bb icon_location=\u00a0\u00bbtop\u00a0\u00bb icon_color=\u00a0\u00bb#e21a2a\u00a0\u00bb title_color=\u00a0\u00bb#222222&Prime; txt_color=\u00a0\u00bb#595959&Prime; margin=\u00a0\u00bb0&Prime; box_blur=\u00a0\u00bbfalse\u00a0\u00bb width=\u00a0\u00bb1\/1&Prime;]\n<p><span style=\"line-height: 1.5em;\">Nous prenons soin de tous vos besoins, avec implication, simplicit\u00e9 et transparence<\/span><\/p>\n[\/mk_icon_box][\/vc_column][vc_column width=\u00a0\u00bb1\/4&Prime;][mk_icon_box icon=\u00a0\u00bbmoon-cloud-3&Prime; title=\u00a0\u00bbCloud Services\u00a0\u00bb font_weight=\u00a0\u00bbbold\u00a0\u00bb read_more_txt=\u00a0\u00bbEn savoir plus\u00a0\u00bb read_more_url=\u00a0\u00bb\/tech\/fr\/cloud\/\u00a0\u00bb style=\u00a0\u00bbsimple_ultimate\u00a0\u00bb icon_size=\u00a0\u00bblarge\u00a0\u00bb icon_location=\u00a0\u00bbtop\u00a0\u00bb icon_color=\u00a0\u00bb#e21a2a\u00a0\u00bb title_color=\u00a0\u00bb#222222&Prime; txt_color=\u00a0\u00bb#595959&Prime; margin=\u00a0\u00bb0&Prime; box_blur=\u00a0\u00bbfalse\u00a0\u00bb width=\u00a0\u00bb1\/1&Prime; el_position=\u00a0\u00bblast\u00a0\u00bb]\n<p><span style=\"line-height: 1.5em;\">Nous ma\u00eetrisons les technologies de virtualisation pour vous permettre d&rsquo;optimiser votre infrastructure<\/span><\/p>\n[\/mk_icon_box][\/vc_column][vc_column width=\u00a0\u00bb1\/4&Prime;][mk_icon_box icon=\u00a0\u00bbmoon-diamond\u00a0\u00bb title=\u00a0\u00bbSupport Premium\u00a0\u00bb font_weight=\u00a0\u00bbbold\u00a0\u00bb read_more_txt=\u00a0\u00bbEn savoir plus\u00a0\u00bb read_more_url=\u00a0\u00bb\/tech\/fr\/solutions\/#support\u00a0\u00bb style=\u00a0\u00bbsimple_ultimate\u00a0\u00bb icon_size=\u00a0\u00bblarge\u00a0\u00bb icon_location=\u00a0\u00bbtop\u00a0\u00bb icon_color=\u00a0\u00bb#e21a2a\u00a0\u00bb title_color=\u00a0\u00bb#222222&Prime; txt_color=\u00a0\u00bb#595959&Prime; margin=\u00a0\u00bb0&Prime; box_blur=\u00a0\u00bbfalse\u00a0\u00bb width=\u00a0\u00bb1\/1&Prime; el_position=\u00a0\u00bblast\u00a0\u00bb]Nous sommes \u00e0 vos c\u00f4t\u00e9s en tout temps pour vous assiter dans votre<br \/>\nr\u00e9ussite[\/mk_icon_box][\/vc_column][\/vc_row][vc_row][vc_column][mk_divider style=\u00a0\u00bbpadding_space\u00a0\u00bb margin_bottom=\u00a0\u00bb30&Prime; width=\u00a0\u00bb1\/1&Prime; el_position=\u00a0\u00bbfirst last\u00a0\u00bb][\/vc_column][\/vc_row][vc_row][vc_column][mk_divider style=\u00a0\u00bbpadding_space\u00a0\u00bb margin_top=\u00a0\u00bb40&Prime; margin_bottom=\u00a0\u00bb10&Prime; width=\u00a0\u00bb1\/1&Prime; el_position=\u00a0\u00bbfirst last\u00a0\u00bb][\/vc_column][\/vc_row][vc_row][vc_column][mk_divider style=\u00a0\u00bbpadding_space\u00a0\u00bb margin_top=\u00a0\u00bb40&Prime; margin_bottom=\u00a0\u00bb10&Prime; width=\u00a0\u00bb1\/1&Prime; el_position=\u00a0\u00bbfirst last\u00a0\u00bb][\/vc_column][\/vc_row][mk_page_section bg_color=\u00a0\u00bb#004f77&Prime; speed_factor=\u00a0\u00bb4&Prime; video_loop=\u00a0\u00bbfalse\u00a0\u00bb min_height=\u00a0\u00bb300&Prime; js_vertical_centered=\u00a0\u00bbtrue\u00a0\u00bb padding_top=\u00a0\u00bb50&Prime; padding_bottom=\u00a0\u00bb50&Prime; first_page=\u00a0\u00bbfalse\u00a0\u00bb last_page=\u00a0\u00bbfalse\u00a0\u00bb sidebar=\u00a0\u00bbsidebar-1&Prime;][vc_column width=\u00a0\u00bb1\/2&Prime;][mk_divider style=\u00a0\u00bbpadding_space\u00a0\u00bb margin_top=\u00a0\u00bb15&Prime; margin_bottom=\u00a0\u00bb0&Prime; width=\u00a0\u00bb1\/1&Prime; el_position=\u00a0\u00bbfirst last\u00a0\u00bb][mk_fancy_title tag_name=\u00a0\u00bbh3&Prime; color=\u00a0\u00bb#ffffff\u00a0\u00bb size=\u00a0\u00bb26&Prime; margin_bottom=\u00a0\u00bb0&Prime; font_family=\u00a0\u00bbnone\u00a0\u00bb]MOBILE, FIXE ET INTERNET[\/mk_fancy_title][mk_fancy_title tag_name=\u00a0\u00bbh3&Prime; color=\u00a0\u00bb#ffffff\u00a0\u00bb size=\u00a0\u00bb18&Prime; line_height=\u00a0\u00bb150&Prime; margin_top=\u00a0\u00bb10&Prime; margin_bottom=\u00a0\u00bb0&Prime; font_family=\u00a0\u00bbnone\u00a0\u00bb]Vision Apart propose des abonnements et solutions professionnelles pour entreprises. B\u00e9n\u00e9ficiez GRATUITEMENT de notre assitance personelle directe et oubliez d\u00e9finitivement l&rsquo;attente et les interlocuteurs multiples ![\/mk_fancy_title][\/vc_column][vc_column width=\u00a0\u00bb1\/2&Prime;][mk_image src=\u00a0\u00bbhttps:\/\/www.visionapart.com\/tech\/wp-content\/uploads\/logotel.png\u00a0\u00bb image_size=\u00a0\u00bbfull\u00a0\u00bb align=\u00a0\u00bbcenter\u00a0\u00bb margin_bottom=\u00a0\u00bb0&Prime; crop=\u00a0\u00bbfalse\u00a0\u00bb][\/vc_column][\/mk_page_section][vc_row][vc_column][vc_column_text]\n[\/vc_column_text][\/vc_column][\/vc_row][vc_row][vc_column][mk_fancy_title color=\u00a0\u00bb#222222&Prime; size=\u00a0\u00bb32&Prime; font_weight=\u00a0\u00bbnormal\u00a0\u00bb margin_top=\u00a0\u00bb30&Prime; font_family=\u00a0\u00bbnone\u00a0\u00bb align=\u00a0\u00bbcenter\u00a0\u00bb el_class=\u00a0\u00bbuppercase\u00a0\u00bb width=\u00a0\u00bb1\/1&Prime; el_position=\u00a0\u00bbfirst last\u00a0\u00bb]\n<p>Nos partenaires de confiance<\/p>\n[\/mk_fancy_title][mk_fancy_title tag_name=\u00a0\u00bbh3&Prime; color=\u00a0\u00bb#808080&Prime; size=\u00a0\u00bb16&Prime; font_weight=\u00a0\u00bbnormal\u00a0\u00bb margin_bottom=\u00a0\u00bb18&Prime; font_family=\u00a0\u00bbnone\u00a0\u00bb align=\u00a0\u00bbcenter\u00a0\u00bb width=\u00a0\u00bb1\/1&Prime; el_position=\u00a0\u00bbfirst last\u00a0\u00bb]\n<p><span style=\"line-height: 1.5em;\">Leur savoir-faire et leur fiabilit\u00e9 nous ont convaincus<\/span><\/p>\n[\/mk_fancy_title][mk_divider style=\u00a0\u00bbpadding_space\u00a0\u00bb margin_top=\u00a0\u00bb30&Prime; margin_bottom=\u00a0\u00bb30&Prime; width=\u00a0\u00bb1\/1&Prime; el_position=\u00a0\u00bbfirst last\u00a0\u00bb][\/vc_column][\/vc_row][vc_row el_class=\u00a0\u00bblogo-row\u00a0\u00bb][vc_column width=\u00a0\u00bb1\/3&Prime;][mk_image src=\u00a0\u00bbhttp:\/\/www.visionapart.com\/tech\/wp-content\/uploads\/microsoft-logo1.png\u00a0\u00bb link=\u00a0\u00bbhttp:\/\/www.microsoft.com\/\u00a0\u00bb target=\u00a0\u00bb_blank\u00a0\u00bb align=\u00a0\u00bbcenter\u00a0\u00bb margin_bottom=\u00a0\u00bb30&Prime; crop=\u00a0\u00bbfalse\u00a0\u00bb][\/vc_column][vc_column width=\u00a0\u00bb1\/3&Prime;][mk_image src=\u00a0\u00bbhttp:\/\/www.visionapart.com\/tech\/wp-content\/uploads\/vmware-logo1.png\u00a0\u00bb link=\u00a0\u00bbhttp:\/\/www.vmware.com\/\u00a0\u00bb target=\u00a0\u00bb_blank\u00a0\u00bb align=\u00a0\u00bbcenter\u00a0\u00bb margin_bottom=\u00a0\u00bb30&Prime; crop=\u00a0\u00bbfalse\u00a0\u00bb][\/vc_column][vc_column width=\u00a0\u00bb1\/3&Prime;][mk_image src=\u00a0\u00bbhttp:\/\/www.visionapart.com\/tech\/wp-content\/uploads\/cisco-logo1.png\u00a0\u00bb link=\u00a0\u00bbhttp:\/\/www.cisco.com\/\u00a0\u00bb target=\u00a0\u00bb_blank\u00a0\u00bb align=\u00a0\u00bbcenter\u00a0\u00bb margin_bottom=\u00a0\u00bb30&Prime; crop=\u00a0\u00bbfalse\u00a0\u00bb][\/vc_column][\/vc_row][vc_row el_class=\u00a0\u00bblogo-row\u00a0\u00bb][vc_column width=\u00a0\u00bb1\/3&Prime;][mk_image src=\u00a0\u00bbhttp:\/\/www.visionapart.com\/tech\/wp-content\/uploads\/dell-logo1.png\u00a0\u00bb link=\u00a0\u00bbhttp:\/\/www.dell.com\/\u00a0\u00bb target=\u00a0\u00bb_blank\u00a0\u00bb align=\u00a0\u00bbcenter\u00a0\u00bb margin_bottom=\u00a0\u00bb30&Prime; crop=\u00a0\u00bbfalse\u00a0\u00bb][\/vc_column][vc_column width=\u00a0\u00bb1\/3&Prime;][mk_image src=\u00a0\u00bbhttp:\/\/www.visionapart.com\/tech\/wp-content\/uploads\/red-hat-logo1.png\u00a0\u00bb link=\u00a0\u00bbhttp:\/\/www.redhat.com\/\u00a0\u00bb target=\u00a0\u00bb_blank\u00a0\u00bb align=\u00a0\u00bbcenter\u00a0\u00bb margin_bottom=\u00a0\u00bb30&Prime; crop=\u00a0\u00bbfalse\u00a0\u00bb][\/vc_column][vc_column width=\u00a0\u00bb1\/3&Prime;][mk_image src=\u00a0\u00bbhttp:\/\/www.visionapart.com\/tech\/wp-content\/uploads\/adobe-logo1.png\u00a0\u00bb link=\u00a0\u00bbhttp:\/\/www.adobe.com\/\u00a0\u00bb target=\u00a0\u00bb_blank\u00a0\u00bb align=\u00a0\u00bbcenter\u00a0\u00bb margin_bottom=\u00a0\u00bb30&Prime; crop=\u00a0\u00bbfalse\u00a0\u00bb][\/vc_column][\/vc_row][vc_row][vc_column][mk_divider style=\u00a0\u00bbpadding_space\u00a0\u00bb margin_top=\u00a0\u00bb30&Prime; margin_bottom=\u00a0\u00bb30&Prime; width=\u00a0\u00bb1\/1&Prime; el_position=\u00a0\u00bbfirst last\u00a0\u00bb][\/vc_column][\/vc_row]\n<\/div>","protected":false},"excerpt":{"rendered":"<p>[mk_page_section bg_image=\u00a0\u00bbhttps:\/\/www.visionapart.com\/tech\/wp-content\/uploads\/earth.jpg\u00a0\u00bb bg_color=\u00a0\u00bb#66bbd1&Prime; bg_position=\u00a0\u00bbcenter top\u00a0\u00bb bg_repeat=\u00a0\u00bbno-repeat\u00a0\u00bb speed_factor=\u00a0\u00bb4&Prime; video_loop=\u00a0\u00bbfalse\u00a0\u00bb min_height=\u00a0\u00bb600&Prime; full_height=\u00a0\u00bbtrue\u00a0\u00bb padding_top=\u00a0\u00bb0&Prime; padding_bottom=\u00a0\u00bb0&Prime; skip_arrow=\u00a0\u00bbtrue\u00a0\u00bb first_page=\u00a0\u00bbtrue\u00a0\u00bb last_page=\u00a0\u00bbfalse\u00a0\u00bb sidebar=\u00a0\u00bbsidebar-1&Prime;][vc_column][mk_padding_divider][mk_fancy_title tag_name=\u00a0\u00bbh1&Prime; color=\u00a0\u00bb#ffffff\u00a0\u00bb size=\u00a0\u00bb36&Prime; txt_transform=\u00a0\u00bbuppercase\u00a0\u00bb margin_bottom=\u00a0\u00bb10&Prime; font_family=\u00a0\u00bbnone\u00a0\u00bb align=\u00a0\u00bbcenter\u00a0\u00bb] Vision apart l&rsquo;informatique pour aller plus loin [\/mk_fancy_title][\/vc_column][\/mk_page_section][vc_row][vc_column][mk_divider style=\u00a0\u00bbpadding_space\u00a0\u00bb margin_top=\u00a0\u00bb30&Prime; margin_bottom=\u00a0\u00bb30&Prime; width=\u00a0\u00bb1\/1&Prime; el_position=\u00a0\u00bbfirst last\u00a0\u00bb][mk_fancy_title tag_name=\u00a0\u00bbh1&Prime; color=\u00a0\u00bb#222222&Prime; size=\u00a0\u00bb32&Prime; margin_top=\u00a0\u00bb30&Prime; margin_bottom=\u00a0\u00bb0&Prime; font_family=\u00a0\u00bbnone\u00a0\u00bb align=\u00a0\u00bbcenter\u00a0\u00bb el_class=\u00a0\u00bbuppercase\u00a0\u00bb width=\u00a0\u00bb1\/1&Prime; el_position=\u00a0\u00bbfirst last\u00a0\u00bb]Travaillez en toute s\u00e9r\u00e9nit\u00e9[\/mk_fancy_title][mk_fancy_title tag_name=\u00a0\u00bbh3&Prime; color=\u00a0\u00bb#808080&Prime; size=\u00a0\u00bb16&Prime; margin_bottom=\u00a0\u00bb18&Prime; [&hellip;]<\/p>\n","protected":false},"author":4,"featured_media":0,"parent":0,"menu_order":0,"comment_status":"closed","ping_status":"closed","template":"","meta":{"footnotes":""},"class_list":["post-372","page","type-page","status-publish","hentry"],"yoast_head":"<!-- This site is optimized with the Yoast SEO plugin v27.1 - https:\/\/yoast.com\/product\/yoast-seo-wordpress\/ -->\n<title>Vision Apart Technologies | Services Informatiques, Virtualisation, Cloud, Suisse<\/title>\n<meta name=\"description\" content=\"Vision Apart est une soci\u00e9t\u00e9 bas\u00e9e en suisse, fournissant des services informatiques de haut niveau aux entreprises et particuliers.\" \/>\n<meta name=\"robots\" content=\"index, follow, max-snippet:-1, max-image-preview:large, max-video-preview:-1\" \/>\n<link rel=\"canonical\" href=\"https:\/\/www.visionapart.com\/tech\/fr\/\" \/>\n<meta name=\"twitter:card\" content=\"summary_large_image\" \/>\n<meta name=\"twitter:title\" content=\"Vision Apart Technologies | Services Informatiques, Virtualisation, Cloud, Suisse\" \/>\n<meta name=\"twitter:description\" content=\"Vision Apart est une soci\u00e9t\u00e9 bas\u00e9e en suisse, fournissant des services informatiques de haut niveau aux entreprises et particuliers.\" \/>\n<meta name=\"twitter:site\" content=\"@VisionApart\" \/>\n<meta name=\"twitter:label1\" content=\"Dur\u00e9e de lecture estim\u00e9e\" \/>\n\t<meta name=\"twitter:data1\" content=\"7 minutes\" \/>\n<script type=\"application\/ld+json\" class=\"yoast-schema-graph\">{\"@context\":\"https:\/\/schema.org\",\"@graph\":[{\"@type\":\"WebPage\",\"@id\":\"https:\/\/www.visionapart.com\/tech\/fr\/\",\"url\":\"https:\/\/www.visionapart.com\/tech\/fr\/\",\"name\":\"Vision Apart Technologies | Services Informatiques, Virtualisation, Cloud, Suisse\",\"isPartOf\":{\"@id\":\"https:\/\/www.visionapart.com\/tech\/en\/#website\"},\"datePublished\":\"2014-04-12T23:05:50+00:00\",\"dateModified\":\"2019-03-11T17:00:38+00:00\",\"description\":\"Vision Apart est une soci\u00e9t\u00e9 bas\u00e9e en suisse, fournissant des services informatiques de haut niveau aux entreprises et particuliers.\",\"breadcrumb\":{\"@id\":\"https:\/\/www.visionapart.com\/tech\/fr\/#breadcrumb\"},\"inLanguage\":\"fr-FR\",\"potentialAction\":[{\"@type\":\"ReadAction\",\"target\":[\"https:\/\/www.visionapart.com\/tech\/fr\/\"]}]},{\"@type\":\"BreadcrumbList\",\"@id\":\"https:\/\/www.visionapart.com\/tech\/fr\/#breadcrumb\",\"itemListElement\":[{\"@type\":\"ListItem\",\"position\":1,\"name\":\"Home\",\"item\":\"https:\/\/www.visionapart.com\/tech\/fr\/\"},{\"@type\":\"ListItem\",\"position\":2,\"name\":\"Accueil\"}]},{\"@type\":\"WebSite\",\"@id\":\"https:\/\/www.visionapart.com\/tech\/en\/#website\",\"url\":\"https:\/\/www.visionapart.com\/tech\/en\/\",\"name\":\"Vision Apart Technologies\",\"description\":\"\",\"potentialAction\":[{\"@type\":\"SearchAction\",\"target\":{\"@type\":\"EntryPoint\",\"urlTemplate\":\"https:\/\/www.visionapart.com\/tech\/en\/?s={search_term_string}\"},\"query-input\":{\"@type\":\"PropertyValueSpecification\",\"valueRequired\":true,\"valueName\":\"search_term_string\"}}],\"inLanguage\":\"fr-FR\"}]}<\/script>\n<!-- \/ Yoast SEO plugin. -->","yoast_head_json":{"title":"Vision Apart Technologies | Services Informatiques, Virtualisation, Cloud, Suisse","description":"Vision Apart est une soci\u00e9t\u00e9 bas\u00e9e en suisse, fournissant des services informatiques de haut niveau aux entreprises et particuliers.","robots":{"index":"index","follow":"follow","max-snippet":"max-snippet:-1","max-image-preview":"max-image-preview:large","max-video-preview":"max-video-preview:-1"},"canonical":"https:\/\/www.visionapart.com\/tech\/fr\/","twitter_card":"summary_large_image","twitter_title":"Vision Apart Technologies | Services Informatiques, Virtualisation, Cloud, Suisse","twitter_description":"Vision Apart est une soci\u00e9t\u00e9 bas\u00e9e en suisse, fournissant des services informatiques de haut niveau aux entreprises et particuliers.","twitter_site":"@VisionApart","twitter_misc":{"Dur\u00e9e de lecture estim\u00e9e":"7 minutes"},"schema":{"@context":"https:\/\/schema.org","@graph":[{"@type":"WebPage","@id":"https:\/\/www.visionapart.com\/tech\/fr\/","url":"https:\/\/www.visionapart.com\/tech\/fr\/","name":"Vision Apart Technologies | Services Informatiques, Virtualisation, Cloud, Suisse","isPartOf":{"@id":"https:\/\/www.visionapart.com\/tech\/en\/#website"},"datePublished":"2014-04-12T23:05:50+00:00","dateModified":"2019-03-11T17:00:38+00:00","description":"Vision Apart est une soci\u00e9t\u00e9 bas\u00e9e en suisse, fournissant des services informatiques de haut niveau aux entreprises et particuliers.","breadcrumb":{"@id":"https:\/\/www.visionapart.com\/tech\/fr\/#breadcrumb"},"inLanguage":"fr-FR","potentialAction":[{"@type":"ReadAction","target":["https:\/\/www.visionapart.com\/tech\/fr\/"]}]},{"@type":"BreadcrumbList","@id":"https:\/\/www.visionapart.com\/tech\/fr\/#breadcrumb","itemListElement":[{"@type":"ListItem","position":1,"name":"Home","item":"https:\/\/www.visionapart.com\/tech\/fr\/"},{"@type":"ListItem","position":2,"name":"Accueil"}]},{"@type":"WebSite","@id":"https:\/\/www.visionapart.com\/tech\/en\/#website","url":"https:\/\/www.visionapart.com\/tech\/en\/","name":"Vision Apart Technologies","description":"","potentialAction":[{"@type":"SearchAction","target":{"@type":"EntryPoint","urlTemplate":"https:\/\/www.visionapart.com\/tech\/en\/?s={search_term_string}"},"query-input":{"@type":"PropertyValueSpecification","valueRequired":true,"valueName":"search_term_string"}}],"inLanguage":"fr-FR"}]}},"_links":{"self":[{"href":"https:\/\/www.visionapart.com\/tech\/fr\/wp-json\/wp\/v2\/pages\/372","targetHints":{"allow":["GET"]}}],"collection":[{"href":"https:\/\/www.visionapart.com\/tech\/fr\/wp-json\/wp\/v2\/pages"}],"about":[{"href":"https:\/\/www.visionapart.com\/tech\/fr\/wp-json\/wp\/v2\/types\/page"}],"author":[{"embeddable":true,"href":"https:\/\/www.visionapart.com\/tech\/fr\/wp-json\/wp\/v2\/users\/4"}],"replies":[{"embeddable":true,"href":"https:\/\/www.visionapart.com\/tech\/fr\/wp-json\/wp\/v2\/comments?post=372"}],"version-history":[{"count":0,"href":"https:\/\/www.visionapart.com\/tech\/fr\/wp-json\/wp\/v2\/pages\/372\/revisions"}],"wp:attachment":[{"href":"https:\/\/www.visionapart.com\/tech\/fr\/wp-json\/wp\/v2\/media?parent=372"}],"curies":[{"name":"wp","href":"https:\/\/api.w.org\/{rel}","templated":true}]}}