{"id":375,"date":"2014-04-13T01:04:53","date_gmt":"2014-04-12T23:04:53","guid":{"rendered":"http:\/\/www.visionapart.com\/tech\/?page_id=375"},"modified":"2019-03-11T17:42:36","modified_gmt":"2019-03-11T16:42:36","slug":"about","status":"publish","type":"page","link":"https:\/\/www.visionapart.com\/tech\/fr\/about\/","title":{"rendered":"A Propos"},"content":{"rendered":"<div class=\"wpb-content-wrapper\">[mk_page_section bg_color=\u00a0\u00bb#3d749e\u00a0\u00bb speed_factor=\u00a0\u00bb4&Prime; min_height=\u00a0\u00bb150&Prime; padding_top=\u00a0\u00bb0&Prime; padding_bottom=\u00a0\u00bb0&Prime; first_page=\u00a0\u00bbtrue\u00a0\u00bb last_page=\u00a0\u00bbfalse\u00a0\u00bb][vc_column][mk_fancy_title tag_name=\u00a0\u00bbh1&Prime; color=\u00a0\u00bb#ffffff\u00a0\u00bb size=\u00a0\u00bb32&Prime; font_weight=\u00a0\u00bbbold\u00a0\u00bb margin_top=\u00a0\u00bb40&Prime; margin_bottom=\u00a0\u00bb18&Prime; font_family=\u00a0\u00bbnone\u00a0\u00bb]Quelques mots sur nous[\/mk_fancy_title][mk_fancy_title tag_name=\u00a0\u00bbh3&Prime; color=\u00a0\u00bb#ffffff\u00a0\u00bb size=\u00a0\u00bb16&Prime; font_weight=\u00a0\u00bbbold\u00a0\u00bb margin_bottom=\u00a0\u00bb40&Prime; font_family=\u00a0\u00bbnone\u00a0\u00bb]<span style=\"line-height: 1.5em;\">Et pourquoi nous devrions faire connaissance<\/span>[\/mk_fancy_title][\/vc_column][\/mk_page_section][vc_row][vc_column width=\u00a0\u00bb1\/2&Prime;][mk_fancy_title color=\u00a0\u00bb#393836&Prime; size=\u00a0\u00bb32&Prime; font_weight=\u00a0\u00bbnormal\u00a0\u00bb margin_top=\u00a0\u00bb40&Prime; margin_bottom=\u00a0\u00bb18&Prime; font_family=\u00a0\u00bbnone\u00a0\u00bb align=\u00a0\u00bbcenter\u00a0\u00bb]Qui sommes-nous ?[\/mk_fancy_title][mk_divider style=\u00a0\u00bbshadow_line\u00a0\u00bb margin_top=\u00a0\u00bb0&Prime;][vc_column_text]<span style=\"line-height: 1.5em;\">Vision Apart est une soci\u00e9t\u00e9 bas\u00e9e en suisse, fournissant des services informatiques de haut niveau aux entreprises et particuliers. Nos principaux objectifs visent \u00e0 apporter un \u00a0support impeccable \u00e0 nos clients afin d&rsquo;am\u00e9liorer leur environnement de travail, leur permettre de profiter de performances optimales et d&rsquo;assurer la continuit\u00e9 de leur activit\u00e9s. Nous consid\u00e9rons que l&rsquo;humain est au coeur de toute infrastructure et que la technologie doit servir leur int\u00e9r\u00eat et non l&rsquo;inverse.<\/span><\/p>\n<p>Nous appliquons un soin particulier \u00e0 rester disponibles et \u00e0 expliquer clairement et simplement toutes nos op\u00e9rations.<\/p>\n<p>Nos bureaux se situent \u00e0 Montreux et nous fournissons nos services dans toute la Romandie ( Gen\u00e8ve, Vaud,\u00a0Valais, Neuch\u00e2tel &amp; Jura ).[\/vc_column_text][\/vc_column][vc_column width=\u00a0\u00bb1\/2&Prime;][mk_image src=\u00a0\u00bbhttp:\/\/www.visionapart.com\/tech\/wp-content\/uploads\/robot.png\u00a0\u00bb image_width=\u00a0\u00bb400&Prime; image_height=\u00a0\u00bb400&Prime; align=\u00a0\u00bbcenter\u00a0\u00bb margin_bottom=\u00a0\u00bb0&Prime; crop=\u00a0\u00bbfalse\u00a0\u00bb][\/vc_column][\/vc_row][vc_row fullwidth=\u00a0\u00bbtrue\u00a0\u00bb][vc_column][mk_divider style=\u00a0\u00bbthin_solid\u00a0\u00bb margin_top=\u00a0\u00bb40&Prime; margin_bottom=\u00a0\u00bb40&Prime;][\/vc_column][\/vc_row][vc_row][vc_column width=\u00a0\u00bb1\/2&Prime;][mk_divider style=\u00a0\u00bbpadding_space\u00a0\u00bb margin_top=\u00a0\u00bb40&Prime;][mk_image src=\u00a0\u00bbhttp:\/\/www.visionapart.com\/tech\/wp-content\/uploads\/why.png\u00a0\u00bb image_width=\u00a0\u00bb500&Prime; image_height=\u00a0\u00bb298&Prime; align=\u00a0\u00bbcenter\u00a0\u00bb margin_bottom=\u00a0\u00bb0&Prime; crop=\u00a0\u00bbfalse\u00a0\u00bb][\/vc_column][vc_column width=\u00a0\u00bb1\/2&Prime;][mk_fancy_title color=\u00a0\u00bb#393836&Prime; size=\u00a0\u00bb32&Prime; font_weight=\u00a0\u00bbnormal\u00a0\u00bb margin_top=\u00a0\u00bb40&Prime; margin_bottom=\u00a0\u00bb18&Prime; font_family=\u00a0\u00bbnone\u00a0\u00bb align=\u00a0\u00bbcenter\u00a0\u00bb]Pourquoi choisir Vision Apart ?[\/mk_fancy_title][mk_divider style=\u00a0\u00bbshadow_line\u00a0\u00bb margin_top=\u00a0\u00bb0&Prime;][vc_column_text]<span style=\"line-height: 1.5em;\">Nous estimons que l&rsquo;informatique ne devrait \u00a0\u00eatre ni compliqu\u00e9e ni p\u00e9nible.<\/span><\/p>\n<p>Nous travaillons avec Simplicit\u00e9, Efficacit\u00e9, Transparence and Fiabilit\u00e9.<\/p>\n<p>Nous engageons des personnes comp\u00e9tentes et flexibles.<\/p>\n<p>Nous sommes pro-actifs et responsables.<\/p>\n<p>Nous b\u00e2tissons des relations sur la dur\u00e9e[\/vc_column_text][\/vc_column][\/vc_row][vc_row fullwidth=\u00a0\u00bbtrue\u00a0\u00bb][vc_column][mk_divider style=\u00a0\u00bbpadding_space\u00a0\u00bb margin_top=\u00a0\u00bb40&Prime; margin_bottom=\u00a0\u00bb40&Prime;][\/vc_column][\/vc_row][mk_page_section bg_color=\u00a0\u00bb#3d749e\u00a0\u00bb speed_factor=\u00a0\u00bb4&Prime; padding_top=\u00a0\u00bb0&Prime; padding_bottom=\u00a0\u00bb0&Prime; first_page=\u00a0\u00bbfalse\u00a0\u00bb last_page=\u00a0\u00bbtrue\u00a0\u00bb][vc_column width=\u00a0\u00bb3\/4&Prime;][mk_fancy_title tag_name=\u00a0\u00bbh3&Prime; color=\u00a0\u00bb#ffffff\u00a0\u00bb size=\u00a0\u00bb26&Prime; font_weight=\u00a0\u00bbnormal\u00a0\u00bb margin_top=\u00a0\u00bb60&Prime; margin_bottom=\u00a0\u00bb40&Prime; font_family=\u00a0\u00bbnone\u00a0\u00bb]<span style=\"line-height: 1.5em;\">Nous serions enchant\u00e9s de vous accueillir dans nos bureaux et discuter autour d&rsquo;une bonne tasse de caf\u00e9.<\/span>[\/mk_fancy_title][\/vc_column][vc_column width=\u00a0\u00bb1\/4&Prime;][mk_font_icons icon=\u00a0\u00bbicon-coffee\u00a0\u00bb color=\u00a0\u00bb#ffffff\u00a0\u00bb size=\u00a0\u00bbxx-large\u00a0\u00bb align=\u00a0\u00bbleft\u00a0\u00bb link=\u00a0\u00bb\/tech\/fr\/contact\/\u00a0\u00bb padding_horizental=\u00a0\u00bb4&Prime; padding_vertical=\u00a0\u00bb20&Prime;][\/vc_column][\/mk_page_section]\n<\/div>","protected":false},"excerpt":{"rendered":"<p>[mk_page_section bg_color=\u00a0\u00bb#3d749e\u00a0\u00bb speed_factor=\u00a0\u00bb4&Prime; min_height=\u00a0\u00bb150&Prime; padding_top=\u00a0\u00bb0&Prime; padding_bottom=\u00a0\u00bb0&Prime; first_page=\u00a0\u00bbtrue\u00a0\u00bb last_page=\u00a0\u00bbfalse\u00a0\u00bb][vc_column][mk_fancy_title tag_name=\u00a0\u00bbh1&Prime; color=\u00a0\u00bb#ffffff\u00a0\u00bb size=\u00a0\u00bb32&Prime; font_weight=\u00a0\u00bbbold\u00a0\u00bb margin_top=\u00a0\u00bb40&Prime; margin_bottom=\u00a0\u00bb18&Prime; font_family=\u00a0\u00bbnone\u00a0\u00bb]Quelques mots sur nous[\/mk_fancy_title][mk_fancy_title tag_name=\u00a0\u00bbh3&Prime; color=\u00a0\u00bb#ffffff\u00a0\u00bb size=\u00a0\u00bb16&Prime; font_weight=\u00a0\u00bbbold\u00a0\u00bb margin_bottom=\u00a0\u00bb40&Prime; font_family=\u00a0\u00bbnone\u00a0\u00bb]Et pourquoi nous devrions faire connaissance[\/mk_fancy_title][\/vc_column][\/mk_page_section][vc_row][vc_column width=\u00a0\u00bb1\/2&Prime;][mk_fancy_title color=\u00a0\u00bb#393836&Prime; size=\u00a0\u00bb32&Prime; font_weight=\u00a0\u00bbnormal\u00a0\u00bb margin_top=\u00a0\u00bb40&Prime; margin_bottom=\u00a0\u00bb18&Prime; font_family=\u00a0\u00bbnone\u00a0\u00bb align=\u00a0\u00bbcenter\u00a0\u00bb]Qui sommes-nous ?[\/mk_fancy_title][mk_divider style=\u00a0\u00bbshadow_line\u00a0\u00bb margin_top=\u00a0\u00bb0&Prime;][vc_column_text]Vision Apart est une soci\u00e9t\u00e9 bas\u00e9e en suisse, fournissant des services informatiques de haut niveau [&hellip;]<\/p>\n","protected":false},"author":4,"featured_media":0,"parent":0,"menu_order":3,"comment_status":"open","ping_status":"open","template":"","meta":{"footnotes":""},"class_list":["post-375","page","type-page","status-publish","hentry"],"yoast_head":"<!-- This site is optimized with the Yoast SEO plugin v27.1 - https:\/\/yoast.com\/product\/yoast-seo-wordpress\/ -->\n<title>A Propos | Vision Apart Technologies<\/title>\n<meta name=\"description\" content=\"Vision Apart est une soci\u00e9t\u00e9 bas\u00e9e en Suisse, fournissant des services informatiques de haut niveau aux entreprises et particuliers.\" \/>\n<meta name=\"robots\" content=\"index, follow, max-snippet:-1, max-image-preview:large, max-video-preview:-1\" \/>\n<link rel=\"canonical\" href=\"https:\/\/www.visionapart.com\/tech\/fr\/about\/\" \/>\n<meta name=\"twitter:card\" content=\"summary_large_image\" \/>\n<meta name=\"twitter:title\" content=\"A Propos | Vision Apart Technologies\" \/>\n<meta name=\"twitter:description\" content=\"Vision Apart est une soci\u00e9t\u00e9 bas\u00e9e en Suisse, fournissant des services informatiques de haut niveau aux entreprises et particuliers.\" \/>\n<meta name=\"twitter:site\" content=\"@VisionApart\" \/>\n<meta name=\"twitter:label1\" content=\"Dur\u00e9e de lecture estim\u00e9e\" \/>\n\t<meta name=\"twitter:data1\" content=\"3 minutes\" \/>\n<script type=\"application\/ld+json\" class=\"yoast-schema-graph\">{\"@context\":\"https:\/\/schema.org\",\"@graph\":[{\"@type\":\"WebPage\",\"@id\":\"https:\/\/www.visionapart.com\/tech\/fr\/about\/\",\"url\":\"https:\/\/www.visionapart.com\/tech\/fr\/about\/\",\"name\":\"A Propos | Vision Apart Technologies\",\"isPartOf\":{\"@id\":\"https:\/\/www.visionapart.com\/tech\/en\/#website\"},\"datePublished\":\"2014-04-12T23:04:53+00:00\",\"dateModified\":\"2019-03-11T16:42:36+00:00\",\"description\":\"Vision Apart est une soci\u00e9t\u00e9 bas\u00e9e en Suisse, fournissant des services informatiques de haut niveau aux entreprises et particuliers.\",\"breadcrumb\":{\"@id\":\"https:\/\/www.visionapart.com\/tech\/fr\/about\/#breadcrumb\"},\"inLanguage\":\"fr-FR\",\"potentialAction\":[{\"@type\":\"ReadAction\",\"target\":[\"https:\/\/www.visionapart.com\/tech\/fr\/about\/\"]}]},{\"@type\":\"BreadcrumbList\",\"@id\":\"https:\/\/www.visionapart.com\/tech\/fr\/about\/#breadcrumb\",\"itemListElement\":[{\"@type\":\"ListItem\",\"position\":1,\"name\":\"Home\",\"item\":\"https:\/\/www.visionapart.com\/tech\/fr\/\"},{\"@type\":\"ListItem\",\"position\":2,\"name\":\"A Propos\"}]},{\"@type\":\"WebSite\",\"@id\":\"https:\/\/www.visionapart.com\/tech\/en\/#website\",\"url\":\"https:\/\/www.visionapart.com\/tech\/en\/\",\"name\":\"Vision Apart Technologies\",\"description\":\"\",\"potentialAction\":[{\"@type\":\"SearchAction\",\"target\":{\"@type\":\"EntryPoint\",\"urlTemplate\":\"https:\/\/www.visionapart.com\/tech\/en\/?s={search_term_string}\"},\"query-input\":{\"@type\":\"PropertyValueSpecification\",\"valueRequired\":true,\"valueName\":\"search_term_string\"}}],\"inLanguage\":\"fr-FR\"}]}<\/script>\n<!-- \/ Yoast SEO plugin. -->","yoast_head_json":{"title":"A Propos | Vision Apart Technologies","description":"Vision Apart est une soci\u00e9t\u00e9 bas\u00e9e en Suisse, fournissant des services informatiques de haut niveau aux entreprises et particuliers.","robots":{"index":"index","follow":"follow","max-snippet":"max-snippet:-1","max-image-preview":"max-image-preview:large","max-video-preview":"max-video-preview:-1"},"canonical":"https:\/\/www.visionapart.com\/tech\/fr\/about\/","twitter_card":"summary_large_image","twitter_title":"A Propos | Vision Apart Technologies","twitter_description":"Vision Apart est une soci\u00e9t\u00e9 bas\u00e9e en Suisse, fournissant des services informatiques de haut niveau aux entreprises et particuliers.","twitter_site":"@VisionApart","twitter_misc":{"Dur\u00e9e de lecture estim\u00e9e":"3 minutes"},"schema":{"@context":"https:\/\/schema.org","@graph":[{"@type":"WebPage","@id":"https:\/\/www.visionapart.com\/tech\/fr\/about\/","url":"https:\/\/www.visionapart.com\/tech\/fr\/about\/","name":"A Propos | Vision Apart Technologies","isPartOf":{"@id":"https:\/\/www.visionapart.com\/tech\/en\/#website"},"datePublished":"2014-04-12T23:04:53+00:00","dateModified":"2019-03-11T16:42:36+00:00","description":"Vision Apart est une soci\u00e9t\u00e9 bas\u00e9e en Suisse, fournissant des services informatiques de haut niveau aux entreprises et particuliers.","breadcrumb":{"@id":"https:\/\/www.visionapart.com\/tech\/fr\/about\/#breadcrumb"},"inLanguage":"fr-FR","potentialAction":[{"@type":"ReadAction","target":["https:\/\/www.visionapart.com\/tech\/fr\/about\/"]}]},{"@type":"BreadcrumbList","@id":"https:\/\/www.visionapart.com\/tech\/fr\/about\/#breadcrumb","itemListElement":[{"@type":"ListItem","position":1,"name":"Home","item":"https:\/\/www.visionapart.com\/tech\/fr\/"},{"@type":"ListItem","position":2,"name":"A Propos"}]},{"@type":"WebSite","@id":"https:\/\/www.visionapart.com\/tech\/en\/#website","url":"https:\/\/www.visionapart.com\/tech\/en\/","name":"Vision Apart Technologies","description":"","potentialAction":[{"@type":"SearchAction","target":{"@type":"EntryPoint","urlTemplate":"https:\/\/www.visionapart.com\/tech\/en\/?s={search_term_string}"},"query-input":{"@type":"PropertyValueSpecification","valueRequired":true,"valueName":"search_term_string"}}],"inLanguage":"fr-FR"}]}},"_links":{"self":[{"href":"https:\/\/www.visionapart.com\/tech\/fr\/wp-json\/wp\/v2\/pages\/375","targetHints":{"allow":["GET"]}}],"collection":[{"href":"https:\/\/www.visionapart.com\/tech\/fr\/wp-json\/wp\/v2\/pages"}],"about":[{"href":"https:\/\/www.visionapart.com\/tech\/fr\/wp-json\/wp\/v2\/types\/page"}],"author":[{"embeddable":true,"href":"https:\/\/www.visionapart.com\/tech\/fr\/wp-json\/wp\/v2\/users\/4"}],"replies":[{"embeddable":true,"href":"https:\/\/www.visionapart.com\/tech\/fr\/wp-json\/wp\/v2\/comments?post=375"}],"version-history":[{"count":0,"href":"https:\/\/www.visionapart.com\/tech\/fr\/wp-json\/wp\/v2\/pages\/375\/revisions"}],"wp:attachment":[{"href":"https:\/\/www.visionapart.com\/tech\/fr\/wp-json\/wp\/v2\/media?parent=375"}],"curies":[{"name":"wp","href":"https:\/\/api.w.org\/{rel}","templated":true}]}}