{"id":378,"date":"2014-04-13T01:05:16","date_gmt":"2014-04-12T23:05:16","guid":{"rendered":"http:\/\/www.visionapart.com\/tech\/?page_id=378"},"modified":"2023-08-31T13:42:46","modified_gmt":"2023-08-31T11:42:46","slug":"cloud","status":"publish","type":"page","link":"https:\/\/www.visionapart.com\/tech\/fr\/cloud\/","title":{"rendered":"Services Cloud"},"content":{"rendered":"<div class=\"wpb-content-wrapper\">[mk_page_section bg_color=\u00a0\u00bb#84a981&Prime; speed_factor=\u00a0\u00bb4&Prime; min_height=\u00a0\u00bb150&Prime; padding_top=\u00a0\u00bb0&Prime; padding_bottom=\u00a0\u00bb0&Prime; first_page=\u00a0\u00bbtrue\u00a0\u00bb][vc_column][mk_fancy_title tag_name=\u00a0\u00bbh1&Prime; color=\u00a0\u00bb#ffffff\u00a0\u00bb size=\u00a0\u00bb32&Prime; font_weight=\u00a0\u00bbbold\u00a0\u00bb margin_top=\u00a0\u00bb40&Prime; font_family=\u00a0\u00bbnone\u00a0\u00bb]Services Cloud Avanc\u00e9s[\/mk_fancy_title][mk_fancy_title tag_name=\u00a0\u00bbh3&Prime; color=\u00a0\u00bb#ffffff\u00a0\u00bb size=\u00a0\u00bb16&Prime; font_weight=\u00a0\u00bbbold\u00a0\u00bb margin_bottom=\u00a0\u00bb40&Prime; font_family=\u00a0\u00bbnone\u00a0\u00bb]<span style=\"line-height: 1.5em;\">Une technologie qui optimise vos proc\u00e9d\u00e9s informatiques<\/span>[\/mk_fancy_title][\/vc_column][\/mk_page_section][vc_row][vc_column][mk_fancy_title size=\u00a0\u00bb32&Prime; font_weight=\u00a0\u00bbnormal\u00a0\u00bb margin_top=\u00a0\u00bb40&Prime; font_family=\u00a0\u00bbnone\u00a0\u00bb align=\u00a0\u00bbcenter\u00a0\u00bb el_class=\u00a0\u00bbuppercase\u00a0\u00bb]Services de\u00a0Virtualisation[\/mk_fancy_title][mk_fancy_title tag_name=\u00a0\u00bbh4&Prime; size=\u00a0\u00bb20&Prime; font_weight=\u00a0\u00bb300&Prime; margin_top=\u00a0\u00bb40&Prime; font_family=\u00a0\u00bbnone\u00a0\u00bb align=\u00a0\u00bbcenter\u00a0\u00bb]<span style=\"line-height: 1.5em;\">La virtualisation permet aux entreprises de consolider leur infrastucture informatique en s\u00e9parant les syst\u00e8mes d&rsquo;exploitation et les applications des \u00e9quipements physique, permettant ainsi de simplifier le fonctionnement et d&rsquo;am\u00e9liorer l&rsquo;efficacit\u00e9 globale de toute l&rsquo;infrastructure. Vision Apart est sp\u00e9cialiste en \u00a0virtualisation et propose des solutions compl\u00e8tes pour les serveurs et les postes de travail. Les avantages de cette technologie sont nombreux: \u00a0r\u00e9duction significative des co\u00fbts d&rsquo;achat et de maintien, flexibilit\u00e9 totale pour les utilisateurs et protection des donn\u00e9es renforc\u00e9e.<\/span>[\/mk_fancy_title][\/vc_column][\/vc_row][vc_row][vc_column][mk_divider style=\u00a0\u00bbpadding_space\u00a0\u00bb margin_top=\u00a0\u00bb40&Prime;][\/vc_column][\/vc_row][vc_row][vc_column][mk_image src=\u00a0\u00bbhttp:\/\/www.visionapart.com\/tech\/wp-content\/uploads\/cloud.png\u00a0\u00bb image_height=\u00a0\u00bb500&Prime; align=\u00a0\u00bbcenter\u00a0\u00bb margin_bottom=\u00a0\u00bb0&Prime; crop=\u00a0\u00bbfalse\u00a0\u00bb][mk_divider style=\u00a0\u00bbpadding_space\u00a0\u00bb][\/vc_column][\/vc_row][mk_page_section][vc_column width=\u00a0\u00bb1\/2&Prime;][mk_fancy_title color=\u00a0\u00bb#84a981&Prime; size=\u00a0\u00bb22&Prime; font_weight=\u00a0\u00bbbold\u00a0\u00bb margin_top=\u00a0\u00bb30&Prime; margin_bottom=\u00a0\u00bb0&Prime; font_family=\u00a0\u00bbnone\u00a0\u00bb el_class=\u00a0\u00bbuppercase\u00a0\u00bb]Virtualisation des Serveurs[\/mk_fancy_title][mk_divider style=\u00a0\u00bbthin_solid\u00a0\u00bb margin_bottom=\u00a0\u00bb30&Prime;][mk_fancy_title tag_name=\u00a0\u00bbh3&Prime; color=\u00a0\u00bb#000000&Prime; font_weight=\u00a0\u00bbbold\u00a0\u00bb margin_bottom=\u00a0\u00bb5&Prime; font_family=\u00a0\u00bbnone\u00a0\u00bb el_class=\u00a0\u00bbuppercase\u00a0\u00bb]Co\u00fbts de fonctionnement r\u00e9duits[\/mk_fancy_title][vc_column_text]<span style=\"line-height: 1.5em;\">Passez \u00e0 la virtulisation de vos serveurs et \u00e9conomisez jusqu&rsquo;\u00e0 70% sur vos co\u00fbt de fonctionnement et de maintenance.<\/span>[\/vc_column_text][mk_fancy_title tag_name=\u00a0\u00bbh3&Prime; color=\u00a0\u00bb#000000&Prime; font_weight=\u00a0\u00bbbold\u00a0\u00bb margin_top=\u00a0\u00bb20&Prime; margin_bottom=\u00a0\u00bb5&Prime; font_family=\u00a0\u00bbnone\u00a0\u00bb el_class=\u00a0\u00bbuppercase\u00a0\u00bb]Co\u00fbts en mat\u00e9riel r\u00e9duits[\/mk_fancy_title][vc_column_text]<span style=\"line-height: 1.5em;\">R\u00e9duisez vous d\u00e9penses en mat\u00e9riel en r\u00e9duisant le nombre de serveurs physique \u00e0 administrer dans votre infrastructure.<\/span>[\/vc_column_text][mk_fancy_title tag_name=\u00a0\u00bbh3&Prime; color=\u00a0\u00bb#000000&Prime; font_weight=\u00a0\u00bbbold\u00a0\u00bb margin_top=\u00a0\u00bb20&Prime; margin_bottom=\u00a0\u00bb5&Prime; font_family=\u00a0\u00bbnone\u00a0\u00bb el_class=\u00a0\u00bbuppercase\u00a0\u00bb]D\u00e9ploiement simplifi\u00e9[\/mk_fancy_title][vc_column_text]<span style=\"line-height: 1.5em;\">D\u00e9ployez \u00a0en quelques clics des applications et syst\u00e8mes d&rsquo;exploitation complets<\/span>[\/vc_column_text][mk_fancy_title tag_name=\u00a0\u00bbh3&Prime; color=\u00a0\u00bb#000000&Prime; font_weight=\u00a0\u00bbbold\u00a0\u00bb margin_top=\u00a0\u00bb20&Prime; margin_bottom=\u00a0\u00bb5&Prime; font_family=\u00a0\u00bbnone\u00a0\u00bb el_class=\u00a0\u00bbuppercase\u00a0\u00bb]Administration simplifi\u00e9e[\/mk_fancy_title][vc_column_text]<span style=\"line-height: 1.5em;\">Une interface d&rsquo;administration centralis\u00e9e pouir g\u00e9rer tous vos postes et serveurs. Surveillez et optimisez leurs ressources et r\u00e9glages en toute simplicit\u00e9 et avec une efficacit\u00e9 maximale.<\/span>[\/vc_column_text][mk_fancy_title tag_name=\u00a0\u00bbh3&Prime; color=\u00a0\u00bb#000000&Prime; font_weight=\u00a0\u00bbbold\u00a0\u00bb margin_top=\u00a0\u00bb20&Prime; margin_bottom=\u00a0\u00bb5&Prime; font_family=\u00a0\u00bbnone\u00a0\u00bb el_class=\u00a0\u00bbuppercase\u00a0\u00bb]Haute disponibilit\u00e9[\/mk_fancy_title][vc_column_text]<span style=\"line-height: 1.5em;\">Maximisez la disponibilit\u00e9 de votre enti\u00e8re infrastructure et minimisez les interruptions.<\/span>[\/vc_column_text][mk_fancy_title tag_name=\u00a0\u00bbh3&Prime; color=\u00a0\u00bb#000000&Prime; font_weight=\u00a0\u00bbbold\u00a0\u00bb margin_top=\u00a0\u00bb20&Prime; margin_bottom=\u00a0\u00bb5&Prime; font_family=\u00a0\u00bbnone\u00a0\u00bb el_class=\u00a0\u00bbuppercase\u00a0\u00bb]Images &amp; clones[\/mk_fancy_title][vc_column_text]<span style=\"line-height: 1.5em;\">G\u00e9rez votre environnement avec plus d&rsquo;efficacit\u00e9 en cr\u00e9ant de images partag\u00e9e et des clones pour vos machines virtuelles (VM), \u00e9liminant ainsi les t\u00e2ches r\u00e9p\u00e9titives d&rsquo;installation et de mise \u00e0 jour.<\/span>[\/vc_column_text][mk_fancy_title tag_name=\u00a0\u00bbh3&Prime; color=\u00a0\u00bb#000000&Prime; font_weight=\u00a0\u00bbbold\u00a0\u00bb margin_top=\u00a0\u00bb20&Prime; margin_bottom=\u00a0\u00bb5&Prime; font_family=\u00a0\u00bbnone\u00a0\u00bb el_class=\u00a0\u00bbuppercase\u00a0\u00bb]Tests[\/mk_fancy_title][vc_column_text]<span style=\"line-height: 1.5em;\">Cr\u00e9ez ais\u00e9ment des environnements de test sans compromettre votre infrastructure actuelle, ni acheter de nouveau mat\u00e9riel.<\/span>[\/vc_column_text][mk_divider style=\u00a0\u00bbpadding_space\u00a0\u00bb margin_top=\u00a0\u00bb0&Prime;][\/vc_column][vc_column width=\u00a0\u00bb1\/2&Prime;][mk_fancy_title color=\u00a0\u00bb#84a981&Prime; size=\u00a0\u00bb22&Prime; font_weight=\u00a0\u00bbbold\u00a0\u00bb margin_top=\u00a0\u00bb30&Prime; margin_bottom=\u00a0\u00bb0&Prime; font_family=\u00a0\u00bbnone\u00a0\u00bb el_class=\u00a0\u00bbuppercase\u00a0\u00bb]Virtualisation des postes de travail[\/mk_fancy_title][mk_divider style=\u00a0\u00bbthin_solid\u00a0\u00bb margin_bottom=\u00a0\u00bb30&Prime;][mk_fancy_title tag_name=\u00a0\u00bbh3&Prime; color=\u00a0\u00bb#000000&Prime; font_weight=\u00a0\u00bbbold\u00a0\u00bb margin_bottom=\u00a0\u00bb5&Prime; font_family=\u00a0\u00bbnone\u00a0\u00bb el_class=\u00a0\u00bbuppercase\u00a0\u00bb]Cloud Priv\u00e9 intelligent[\/mk_fancy_title][vc_column_text]OS, applications, donn\u00e9es, services\u2026 Tout est maintenant virtualis\u00e9 et vous y acc\u00e9dez gr\u00e2ce \u00e0 une solution unique et totalement contr\u00f4l\u00e9e.[\/vc_column_text][mk_fancy_title tag_name=\u00a0\u00bbh3&Prime; color=\u00a0\u00bb#000000&Prime; font_weight=\u00a0\u00bbbold\u00a0\u00bb margin_top=\u00a0\u00bb20&Prime; margin_bottom=\u00a0\u00bb5&Prime; font_family=\u00a0\u00bbnone\u00a0\u00bb el_class=\u00a0\u00bbuppercase\u00a0\u00bb]<span style=\"line-height: 1.5em;\">Exp\u00e9rience utilisateur optimis\u00e9e<\/span>[\/mk_fancy_title][vc_column_text]<span style=\"line-height: 1.5em;\">Des performances de haut niveau constantes et fournies directement par le r\u00e9seau. Fini les ordinateurs bruyants et poussi\u00e9reux sur vos bureaux, tout se r\u00e9duit maintenant \u00e0 un \u00e9cran, un clavier et une souris. Plus d&rsquo;espace, plus de performances et moins d&rsquo;erreurs possibles.<\/span>[\/vc_column_text][mk_fancy_title tag_name=\u00a0\u00bbh3&Prime; color=\u00a0\u00bb#000000&Prime; font_weight=\u00a0\u00bbbold\u00a0\u00bb margin_top=\u00a0\u00bb20&Prime; margin_bottom=\u00a0\u00bb5&Prime; font_family=\u00a0\u00bbnone\u00a0\u00bb el_class=\u00a0\u00bbuppercase\u00a0\u00bb]<span style=\"line-height: 1.5em;\">Acc\u00e8s flexible &amp; s\u00e9curis\u00e9<\/span>[\/mk_fancy_title][vc_column_text]<span style=\"line-height: 1.5em;\">Les utilisateurs peuvent d\u00e9sormais acc\u00e9der \u00e0 leur poste de travail depuis n&rsquo;importe quel ordinateur ou \u00a0laptop (Windows, Mac ou Linux) et m\u00eame depuis une tablette (iOS ou Android). Depuis n&rsquo;importe o\u00f9 dans le monde vous pouvez vous connecter et travailler comme si vous \u00e9tiez au bureau, en toute s\u00e9curit\u00e9 et sans emporter vos donn\u00e9es avec vous. Une mobilit\u00e9 et flexibilit\u00e9 sans pr\u00e9c\u00e9dent.<\/span>[\/vc_column_text][mk_fancy_title tag_name=\u00a0\u00bbh3&Prime; color=\u00a0\u00bb#000000&Prime; font_weight=\u00a0\u00bbbold\u00a0\u00bb margin_top=\u00a0\u00bb20&Prime; margin_bottom=\u00a0\u00bb5&Prime; font_family=\u00a0\u00bbnone\u00a0\u00bb el_class=\u00a0\u00bbuppercase\u00a0\u00bb]Solution adaptable et \u00e9volutive[\/mk_fancy_title][vc_column_text]<span style=\"line-height: 1.5em;\">Un nombre de postes de travail virtuels toujours en accord avec vos besoins, et sans perte d&rsquo;investissement en mat\u00e9riel inutile.<\/span>[\/vc_column_text][mk_fancy_title tag_name=\u00a0\u00bbh3&Prime; color=\u00a0\u00bb#000000&Prime; font_weight=\u00a0\u00bbbold\u00a0\u00bb margin_top=\u00a0\u00bb20&Prime; margin_bottom=\u00a0\u00bb5&Prime; font_family=\u00a0\u00bbnone\u00a0\u00bb el_class=\u00a0\u00bbuppercase\u00a0\u00bb]Configurations personnalis\u00e9es[\/mk_fancy_title][vc_column_text]<span style=\"line-height: 1.5em;\">Chaque poste virtuel est configurable aux besoins de chaque utilisateur et peut \u00eatre modifi\u00e9 \u00e0 tout moment.<\/span>[\/vc_column_text][mk_fancy_title tag_name=\u00a0\u00bbh3&Prime; color=\u00a0\u00bb#000000&Prime; font_weight=\u00a0\u00bbbold\u00a0\u00bb margin_top=\u00a0\u00bb20&Prime; margin_bottom=\u00a0\u00bb5&Prime; font_family=\u00a0\u00bbnone\u00a0\u00bb el_class=\u00a0\u00bbuppercase\u00a0\u00bb]<span style=\"line-height: 1.5em;\">D\u00e9ploiement simplifi\u00e9 &amp; maintenance r\u00e9duite<\/span>[\/mk_fancy_title][vc_column_text]<span style=\"line-height: 1.5em;\">D\u00e9ployez de nouveaux postes virtuels ou mettez \u00e0 jour tout un groupe en quelques minutes via une interface d&rsquo;administration centralis\u00e9e.<\/span>[\/vc_column_text][mk_fancy_title tag_name=\u00a0\u00bbh3&Prime; color=\u00a0\u00bb#000000&Prime; font_weight=\u00a0\u00bbbold\u00a0\u00bb margin_top=\u00a0\u00bb20&Prime; margin_bottom=\u00a0\u00bb5&Prime; font_family=\u00a0\u00bbnone\u00a0\u00bb el_class=\u00a0\u00bbuppercase\u00a0\u00bb]S\u00e9curit\u00e9 avanc\u00e9e[\/mk_fancy_title][vc_column_text]<span style=\"line-height: 1.5em;\">Un acc\u00e8s distant enti\u00e8rement crypt\u00e9 afin d&rsquo;assurer une protection compl\u00e8te. Protection centralis\u00e9 contre les virus et logiciels malveillants.<\/span>[\/vc_column_text][\/vc_column][\/mk_page_section][vc_row fullwidth=\u00a0\u00bbtrue\u00a0\u00bb][vc_column][mk_divider style=\u00a0\u00bbthin_solid\u00a0\u00bb][\/vc_column][\/vc_row][vc_row][vc_column][mk_fancy_title size=\u00a0\u00bb32&Prime; font_weight=\u00a0\u00bbnormal\u00a0\u00bb margin_top=\u00a0\u00bb40&Prime; font_family=\u00a0\u00bbnone\u00a0\u00bb align=\u00a0\u00bbcenter\u00a0\u00bb el_class=\u00a0\u00bbuppercase\u00a0\u00bb]Services Public\u00a0Cloud[\/mk_fancy_title][mk_fancy_title tag_name=\u00a0\u00bbh4&Prime; size=\u00a0\u00bb20&Prime; font_weight=\u00a0\u00bb300&Prime; margin_top=\u00a0\u00bb40&Prime; font_family=\u00a0\u00bbnone\u00a0\u00bb align=\u00a0\u00bbcenter\u00a0\u00bb]<span style=\"line-height: 1.5em;\">Nos services Public\u00a0Cloud d\u00e9livrent des outils virtuels extr\u00eamement puissants aux entreprises, sans la charge d&rsquo;une installation en interne, et avec une flexibilit\u00e9 accrue.<\/span>[\/mk_fancy_title][mk_divider style=\u00a0\u00bbpadding_space\u00a0\u00bb][mk_image src=\u00a0\u00bbhttp:\/\/www.visionapart.com\/tech\/wp-content\/uploads\/public-cloud.png\u00a0\u00bb image_height=\u00a0\u00bb396&Prime; align=\u00a0\u00bbcenter\u00a0\u00bb margin_bottom=\u00a0\u00bb0&Prime; crop=\u00a0\u00bbfalse\u00a0\u00bb][mk_divider style=\u00a0\u00bbpadding_space\u00a0\u00bb margin_top=\u00a0\u00bb40&Prime;][\/vc_column][\/vc_row][vc_row][vc_column width=\u00a0\u00bb1\/3&Prime;][mk_fancy_title tag_name=\u00a0\u00bbh3&Prime; color=\u00a0\u00bb#000000&Prime; size=\u00a0\u00bb20&Prime; font_weight=\u00a0\u00bbbold\u00a0\u00bb margin_top=\u00a0\u00bb10&Prime; font_family=\u00a0\u00bbnone\u00a0\u00bb]Sauvegardes en ligne[\/mk_fancy_title][mk_custom_list style=\u00a0\u00bbe032&Prime; icon_color=\u00a0\u00bb#89bc84&Prime; margin_bottom=\u00a0\u00bb10&Prime; align=\u00a0\u00bbleft\u00a0\u00bb]\n<ul>\n<li>Sauvegarde sur un second site<\/li>\n<li>Sauvegardes automatiques<\/li>\n<li>Sauvegardes compl\u00e8tes ou partielles<\/li>\n<li>Transfert s\u00e9curis\u00e9<\/li>\n<li>Stock\u00e9 en suret\u00e9 en Suisse<\/li>\n<li>Encryption des donn\u00e9es<\/li>\n<li>R\u00e9cup\u00e9ration rapide<\/li>\n<\/ul>\n[\/mk_custom_list][\/vc_column][vc_column width=\u00a0\u00bb1\/3&Prime;][mk_fancy_title tag_name=\u00a0\u00bbh3&Prime; color=\u00a0\u00bb#000000&Prime; size=\u00a0\u00bb20&Prime; font_weight=\u00a0\u00bbbold\u00a0\u00bb margin_top=\u00a0\u00bb10&Prime; font_family=\u00a0\u00bbnone\u00a0\u00bb]Disaster recovery[\/mk_fancy_title][mk_custom_list style=\u00a0\u00bbe1e6&Prime; icon_color=\u00a0\u00bb#89bc84&Prime; margin_bottom=\u00a0\u00bb10&Prime; align=\u00a0\u00bbleft\u00a0\u00bb]\n<ul>\n<li>Sauvegardes hors site<\/li>\n<li>R\u00e9cup\u00e9ration sur demande<\/li>\n<li>V\u00e9rifications r\u00e9guli\u00e8res<\/li>\n<li>R\u00e9cup\u00e9ration rapide et pr\u00e9cise<\/li>\n<li>Serveur physique ou virtuel<\/li>\n<li>Solution adaptable<\/li>\n<li>Economique<\/li>\n<\/ul>\n[\/mk_custom_list][\/vc_column][vc_column width=\u00a0\u00bb1\/3&Prime;][mk_fancy_title tag_name=\u00a0\u00bbh3&Prime; color=\u00a0\u00bb#000000&Prime; size=\u00a0\u00bb20&Prime; font_weight=\u00a0\u00bbbold\u00a0\u00bb margin_top=\u00a0\u00bb10&Prime; font_family=\u00a0\u00bbnone\u00a0\u00bb]Microsoft Office 365[\/mk_fancy_title][mk_custom_list style=\u00a0\u00bbf17a\u00a0\u00bb icon_color=\u00a0\u00bb#89bc84&Prime; margin_bottom=\u00a0\u00bb10&Prime; align=\u00a0\u00bbleft\u00a0\u00bb]\n<ul>\n<li>Office Professional Plus<\/li>\n<li>Office web apps<\/li>\n<li>Exchange online<\/li>\n<li>Skype Business\u00a0&amp;\u00a0Sharepoint\u00a0online<\/li>\n<li>Co\u00fbts r\u00e9duits &amp; flexibilit\u00e9<\/li>\n<li>Abonnement mensuel \u00ab\u00a0par utilisateur\u00a0\u00bb<\/li>\n<li>Jusqu&rsquo;\u00e0 5 appareils par utilisateur<\/li>\n<\/ul>\n[\/mk_custom_list][\/vc_column][\/vc_row][vc_row][vc_column][mk_divider style=\u00a0\u00bbpadding_space\u00a0\u00bb margin_top=\u00a0\u00bb40&Prime;][\/vc_column][\/vc_row][mk_page_section bg_color=\u00a0\u00bb#84a981&Prime; speed_factor=\u00a0\u00bb4&Prime; last_page=\u00a0\u00bbtrue\u00a0\u00bb][vc_column width=\u00a0\u00bb2\/3&Prime;][mk_fancy_title tag_name=\u00a0\u00bbh4&Prime; color=\u00a0\u00bb#ffffff\u00a0\u00bb size=\u00a0\u00bb26&Prime; margin_top=\u00a0\u00bb40&Prime; margin_bottom=\u00a0\u00bb40&Prime; font_family=\u00a0\u00bbnone\u00a0\u00bb]<span style=\"line-height: 1.5em;\">Int\u00e9ress\u00e9 par la Virtualisation? E<\/span><span style=\"line-height: 1.5em;\">nvoyez-nous un message<\/span>[\/mk_fancy_title][\/vc_column][vc_column width=\u00a0\u00bb1\/3&Prime;][mk_button dimension=\u00a0\u00bboutline\u00a0\u00bb size=\u00a0\u00bblarge\u00a0\u00bb url=\u00a0\u00bb\/tech\/fr\/contactez-nous\/\u00a0\u00bb align=\u00a0\u00bbright\u00a0\u00bb margin_top=\u00a0\u00bb45&Prime; margin_bottom=\u00a0\u00bb20&Prime; outline_skin=\u00a0\u00bblight\u00a0\u00bb]CONTACTEZ-NOUS[\/mk_button][\/vc_column][\/mk_page_section]\n<\/div>","protected":false},"excerpt":{"rendered":"<p>[mk_page_section bg_color=\u00a0\u00bb#84a981&Prime; speed_factor=\u00a0\u00bb4&Prime; min_height=\u00a0\u00bb150&Prime; padding_top=\u00a0\u00bb0&Prime; padding_bottom=\u00a0\u00bb0&Prime; first_page=\u00a0\u00bbtrue\u00a0\u00bb][vc_column][mk_fancy_title tag_name=\u00a0\u00bbh1&Prime; color=\u00a0\u00bb#ffffff\u00a0\u00bb size=\u00a0\u00bb32&Prime; font_weight=\u00a0\u00bbbold\u00a0\u00bb margin_top=\u00a0\u00bb40&Prime; font_family=\u00a0\u00bbnone\u00a0\u00bb]Services Cloud Avanc\u00e9s[\/mk_fancy_title][mk_fancy_title tag_name=\u00a0\u00bbh3&Prime; color=\u00a0\u00bb#ffffff\u00a0\u00bb size=\u00a0\u00bb16&Prime; font_weight=\u00a0\u00bbbold\u00a0\u00bb margin_bottom=\u00a0\u00bb40&Prime; font_family=\u00a0\u00bbnone\u00a0\u00bb]Une technologie qui optimise vos proc\u00e9d\u00e9s informatiques[\/mk_fancy_title][\/vc_column][\/mk_page_section][vc_row][vc_column][mk_fancy_title size=\u00a0\u00bb32&Prime; font_weight=\u00a0\u00bbnormal\u00a0\u00bb margin_top=\u00a0\u00bb40&Prime; font_family=\u00a0\u00bbnone\u00a0\u00bb align=\u00a0\u00bbcenter\u00a0\u00bb el_class=\u00a0\u00bbuppercase\u00a0\u00bb]Services de\u00a0Virtualisation[\/mk_fancy_title][mk_fancy_title tag_name=\u00a0\u00bbh4&Prime; size=\u00a0\u00bb20&Prime; font_weight=\u00a0\u00bb300&Prime; margin_top=\u00a0\u00bb40&Prime; font_family=\u00a0\u00bbnone\u00a0\u00bb align=\u00a0\u00bbcenter\u00a0\u00bb]La virtualisation permet aux entreprises de consolider leur infrastucture informatique en s\u00e9parant les syst\u00e8mes d&rsquo;exploitation et [&hellip;]<\/p>\n","protected":false},"author":4,"featured_media":0,"parent":0,"menu_order":2,"comment_status":"open","ping_status":"open","template":"","meta":{"footnotes":""},"class_list":["post-378","page","type-page","status-publish","hentry"],"yoast_head":"<!-- This site is optimized with the Yoast SEO plugin v27.5 - https:\/\/yoast.com\/product\/yoast-seo-wordpress\/ -->\n<title>Services Cloud | Vision Apart<\/title>\n<meta name=\"description\" content=\"Vision Apart est sp\u00e9cialiste en virtualisation et propose des solutions cloud compl\u00e8tes pour les serveurs et les postes de travail.\" \/>\n<meta name=\"robots\" content=\"index, follow, max-snippet:-1, max-image-preview:large, max-video-preview:-1\" \/>\n<link rel=\"canonical\" href=\"https:\/\/www.visionapart.com\/tech\/fr\/cloud\/\" \/>\n<meta name=\"twitter:card\" content=\"summary_large_image\" \/>\n<meta name=\"twitter:title\" content=\"Services Cloud | Vision Apart\" \/>\n<meta name=\"twitter:description\" content=\"Vision Apart est sp\u00e9cialiste en virtualisation et propose des solutions cloud compl\u00e8tes pour les serveurs et les postes de travail.\" \/>\n<meta name=\"twitter:site\" content=\"@VisionApart\" \/>\n<meta name=\"twitter:label1\" content=\"Dur\u00e9e de lecture estim\u00e9e\" \/>\n\t<meta name=\"twitter:data1\" content=\"4 minutes\" \/>\n<script type=\"application\/ld+json\" class=\"yoast-schema-graph\">{\"@context\":\"https:\\\/\\\/schema.org\",\"@graph\":[{\"@type\":\"WebPage\",\"@id\":\"https:\\\/\\\/www.visionapart.com\\\/tech\\\/fr\\\/cloud\\\/\",\"url\":\"https:\\\/\\\/www.visionapart.com\\\/tech\\\/fr\\\/cloud\\\/\",\"name\":\"Services Cloud | Vision Apart\",\"isPartOf\":{\"@id\":\"https:\\\/\\\/www.visionapart.com\\\/tech\\\/en\\\/#website\"},\"datePublished\":\"2014-04-12T23:05:16+00:00\",\"dateModified\":\"2023-08-31T11:42:46+00:00\",\"description\":\"Vision Apart est sp\u00e9cialiste en virtualisation et propose des solutions cloud compl\u00e8tes pour les serveurs et les postes de travail.\",\"breadcrumb\":{\"@id\":\"https:\\\/\\\/www.visionapart.com\\\/tech\\\/fr\\\/cloud\\\/#breadcrumb\"},\"inLanguage\":\"fr-FR\",\"potentialAction\":[{\"@type\":\"ReadAction\",\"target\":[\"https:\\\/\\\/www.visionapart.com\\\/tech\\\/fr\\\/cloud\\\/\"]}]},{\"@type\":\"BreadcrumbList\",\"@id\":\"https:\\\/\\\/www.visionapart.com\\\/tech\\\/fr\\\/cloud\\\/#breadcrumb\",\"itemListElement\":[{\"@type\":\"ListItem\",\"position\":1,\"name\":\"Home\",\"item\":\"https:\\\/\\\/www.visionapart.com\\\/tech\\\/fr\\\/\"},{\"@type\":\"ListItem\",\"position\":2,\"name\":\"Services Cloud\"}]},{\"@type\":\"WebSite\",\"@id\":\"https:\\\/\\\/www.visionapart.com\\\/tech\\\/en\\\/#website\",\"url\":\"https:\\\/\\\/www.visionapart.com\\\/tech\\\/en\\\/\",\"name\":\"Vision Apart\",\"description\":\"\",\"potentialAction\":[{\"@type\":\"SearchAction\",\"target\":{\"@type\":\"EntryPoint\",\"urlTemplate\":\"https:\\\/\\\/www.visionapart.com\\\/tech\\\/en\\\/?s={search_term_string}\"},\"query-input\":{\"@type\":\"PropertyValueSpecification\",\"valueRequired\":true,\"valueName\":\"search_term_string\"}}],\"inLanguage\":\"fr-FR\"}]}<\/script>\n<!-- \/ Yoast SEO plugin. -->","yoast_head_json":{"title":"Services Cloud | Vision Apart","description":"Vision Apart est sp\u00e9cialiste en virtualisation et propose des solutions cloud compl\u00e8tes pour les serveurs et les postes de travail.","robots":{"index":"index","follow":"follow","max-snippet":"max-snippet:-1","max-image-preview":"max-image-preview:large","max-video-preview":"max-video-preview:-1"},"canonical":"https:\/\/www.visionapart.com\/tech\/fr\/cloud\/","twitter_card":"summary_large_image","twitter_title":"Services Cloud | Vision Apart","twitter_description":"Vision Apart est sp\u00e9cialiste en virtualisation et propose des solutions cloud compl\u00e8tes pour les serveurs et les postes de travail.","twitter_site":"@VisionApart","twitter_misc":{"Dur\u00e9e de lecture estim\u00e9e":"4 minutes"},"schema":{"@context":"https:\/\/schema.org","@graph":[{"@type":"WebPage","@id":"https:\/\/www.visionapart.com\/tech\/fr\/cloud\/","url":"https:\/\/www.visionapart.com\/tech\/fr\/cloud\/","name":"Services Cloud | Vision Apart","isPartOf":{"@id":"https:\/\/www.visionapart.com\/tech\/en\/#website"},"datePublished":"2014-04-12T23:05:16+00:00","dateModified":"2023-08-31T11:42:46+00:00","description":"Vision Apart est sp\u00e9cialiste en virtualisation et propose des solutions cloud compl\u00e8tes pour les serveurs et les postes de travail.","breadcrumb":{"@id":"https:\/\/www.visionapart.com\/tech\/fr\/cloud\/#breadcrumb"},"inLanguage":"fr-FR","potentialAction":[{"@type":"ReadAction","target":["https:\/\/www.visionapart.com\/tech\/fr\/cloud\/"]}]},{"@type":"BreadcrumbList","@id":"https:\/\/www.visionapart.com\/tech\/fr\/cloud\/#breadcrumb","itemListElement":[{"@type":"ListItem","position":1,"name":"Home","item":"https:\/\/www.visionapart.com\/tech\/fr\/"},{"@type":"ListItem","position":2,"name":"Services Cloud"}]},{"@type":"WebSite","@id":"https:\/\/www.visionapart.com\/tech\/en\/#website","url":"https:\/\/www.visionapart.com\/tech\/en\/","name":"Vision Apart","description":"","potentialAction":[{"@type":"SearchAction","target":{"@type":"EntryPoint","urlTemplate":"https:\/\/www.visionapart.com\/tech\/en\/?s={search_term_string}"},"query-input":{"@type":"PropertyValueSpecification","valueRequired":true,"valueName":"search_term_string"}}],"inLanguage":"fr-FR"}]}},"_links":{"self":[{"href":"https:\/\/www.visionapart.com\/tech\/fr\/wp-json\/wp\/v2\/pages\/378","targetHints":{"allow":["GET"]}}],"collection":[{"href":"https:\/\/www.visionapart.com\/tech\/fr\/wp-json\/wp\/v2\/pages"}],"about":[{"href":"https:\/\/www.visionapart.com\/tech\/fr\/wp-json\/wp\/v2\/types\/page"}],"author":[{"embeddable":true,"href":"https:\/\/www.visionapart.com\/tech\/fr\/wp-json\/wp\/v2\/users\/4"}],"replies":[{"embeddable":true,"href":"https:\/\/www.visionapart.com\/tech\/fr\/wp-json\/wp\/v2\/comments?post=378"}],"version-history":[{"count":3,"href":"https:\/\/www.visionapart.com\/tech\/fr\/wp-json\/wp\/v2\/pages\/378\/revisions"}],"predecessor-version":[{"id":5631,"href":"https:\/\/www.visionapart.com\/tech\/fr\/wp-json\/wp\/v2\/pages\/378\/revisions\/5631"}],"wp:attachment":[{"href":"https:\/\/www.visionapart.com\/tech\/fr\/wp-json\/wp\/v2\/media?parent=378"}],"curies":[{"name":"wp","href":"https:\/\/api.w.org\/{rel}","templated":true}]}}